{"id":41164,"date":"2026-05-12T00:02:15","date_gmt":"2026-05-11T21:02:15","guid":{"rendered":"https:\/\/rezekne.citro.psdev.lv\/veikals\/import-placeholder-for-9990\/"},"modified":"2026-05-16T06:27:43","modified_gmt":"2026-05-16T03:27:43","slug":"plumes-zavetas-achlock-alis-co-200g","status":"publish","type":"product","link":"https:\/\/rezekne.citro.lv\/ru\/product\/plumes-zavetas-achlock-alis-co-200g\/","title":{"rendered":"PL\u016aMES \u017d\u0100V\u0112TAS ACHLOCK ALIS CO 200G"},"content":{"rendered":"<p>Izcelsmes valsts: \u010c\u012ble<\/p>\n","protected":false},"excerpt":{"rendered":"<p>8.45 \u20ac\/KG<\/p>\n","protected":false},"featured_media":41204,"template":"","meta":{"_acf_changed":false,"inline_featured_image":false},"product_cat":[125,543],"product_tag":[],"acf":[],"aioseo_notices":[],"_links":{"self":[{"href":"https:\/\/rezekne.citro.lv\/ru\/wp-json\/wp\/v2\/product\/41164"}],"collection":[{"href":"https:\/\/rezekne.citro.lv\/ru\/wp-json\/wp\/v2\/product"}],"about":[{"href":"https:\/\/rezekne.citro.lv\/ru\/wp-json\/wp\/v2\/types\/product"}],"wp:featuredmedia":[{"embeddable":true,"href":"https:\/\/rezekne.citro.lv\/ru\/wp-json\/wp\/v2\/media\/41204"}],"wp:attachment":[{"href":"https:\/\/rezekne.citro.lv\/ru\/wp-json\/wp\/v2\/media?parent=41164"}],"wp:term":[{"taxonomy":"product_cat","embeddable":true,"href":"https:\/\/rezekne.citro.lv\/ru\/wp-json\/wp\/v2\/product_cat?post=41164"},{"taxonomy":"product_tag","embeddable":true,"href":"https:\/\/rezekne.citro.lv\/ru\/wp-json\/wp\/v2\/product_tag?post=41164"}],"curies":[{"name":"wp","href":"https:\/\/api.w.org\/{rel}","templated":true}]}}