{"id":41166,"date":"2026-04-23T01:02:28","date_gmt":"2026-04-22T22:02:28","guid":{"rendered":"https:\/\/rezekne.citro.psdev.lv\/veikals\/import-placeholder-for-9992\/"},"modified":"2026-05-14T06:27:34","modified_gmt":"2026-05-14T03:27:34","slug":"konservi-zivju-sendvica-tuncis-ella-blik-185g-130g","status":"publish","type":"product","link":"https:\/\/rezekne.citro.lv\/ru\/product\/konservi-zivju-sendvica-tuncis-ella-blik-185g-130g\/","title":{"rendered":"KONSERVI ZIVJU SENDVI\u010cA TUNCIS E\u013b\u013b\u0100 BLIK 185G\/130G"},"content":{"rendered":"<p>Izcelsmes valsts: Vjetnama<\/p>\n","protected":false},"excerpt":{"rendered":"<p>11.92 \u20ac\/KG<\/p>\n","protected":false},"featured_media":41210,"template":"","meta":{"_acf_changed":false,"inline_featured_image":false},"product_cat":[135,136],"product_tag":[],"acf":[],"aioseo_notices":[],"_links":{"self":[{"href":"https:\/\/rezekne.citro.lv\/ru\/wp-json\/wp\/v2\/product\/41166"}],"collection":[{"href":"https:\/\/rezekne.citro.lv\/ru\/wp-json\/wp\/v2\/product"}],"about":[{"href":"https:\/\/rezekne.citro.lv\/ru\/wp-json\/wp\/v2\/types\/product"}],"wp:featuredmedia":[{"embeddable":true,"href":"https:\/\/rezekne.citro.lv\/ru\/wp-json\/wp\/v2\/media\/41210"}],"wp:attachment":[{"href":"https:\/\/rezekne.citro.lv\/ru\/wp-json\/wp\/v2\/media?parent=41166"}],"wp:term":[{"taxonomy":"product_cat","embeddable":true,"href":"https:\/\/rezekne.citro.lv\/ru\/wp-json\/wp\/v2\/product_cat?post=41166"},{"taxonomy":"product_tag","embeddable":true,"href":"https:\/\/rezekne.citro.lv\/ru\/wp-json\/wp\/v2\/product_tag?post=41166"}],"curies":[{"name":"wp","href":"https:\/\/api.w.org\/{rel}","templated":true}]}}