{"id":41170,"date":"2026-04-23T01:02:41","date_gmt":"2026-04-22T22:02:41","guid":{"rendered":"https:\/\/rezekne.citro.psdev.lv\/veikals\/import-placeholder-for-9996\/"},"modified":"2026-05-08T06:28:03","modified_gmt":"2026-05-08T03:28:03","slug":"desa-cala-galas-doktora-350g","status":"publish","type":"product","link":"https:\/\/rezekne.citro.lv\/ru\/product\/desa-cala-galas-doktora-350g\/","title":{"rendered":"DESA C\u0100\u013bA GA\u013bAS DOKTORA 350G"},"content":{"rendered":"<p>Izcelsmes valsts: Latvija<\/p>\n","protected":false},"excerpt":{"rendered":"<p>7.40 \u20ac\/KG<\/p>\n","protected":false},"featured_media":41222,"template":"","meta":{"_acf_changed":false,"inline_featured_image":false},"product_cat":[135,144],"product_tag":[],"acf":[],"aioseo_notices":[],"_links":{"self":[{"href":"https:\/\/rezekne.citro.lv\/ru\/wp-json\/wp\/v2\/product\/41170"}],"collection":[{"href":"https:\/\/rezekne.citro.lv\/ru\/wp-json\/wp\/v2\/product"}],"about":[{"href":"https:\/\/rezekne.citro.lv\/ru\/wp-json\/wp\/v2\/types\/product"}],"wp:featuredmedia":[{"embeddable":true,"href":"https:\/\/rezekne.citro.lv\/ru\/wp-json\/wp\/v2\/media\/41222"}],"wp:attachment":[{"href":"https:\/\/rezekne.citro.lv\/ru\/wp-json\/wp\/v2\/media?parent=41170"}],"wp:term":[{"taxonomy":"product_cat","embeddable":true,"href":"https:\/\/rezekne.citro.lv\/ru\/wp-json\/wp\/v2\/product_cat?post=41170"},{"taxonomy":"product_tag","embeddable":true,"href":"https:\/\/rezekne.citro.lv\/ru\/wp-json\/wp\/v2\/product_tag?post=41170"}],"curies":[{"name":"wp","href":"https:\/\/api.w.org\/{rel}","templated":true}]}}