{"id":41302,"date":"2026-05-13T00:16:53","date_gmt":"2026-05-12T21:16:53","guid":{"rendered":"https:\/\/rezekne.citro.psdev.lv\/veikals\/import-placeholder-for-10045\/"},"modified":"2026-05-14T06:29:16","modified_gmt":"2026-05-14T03:29:16","slug":"bariba-suniem-sausa-pedigree-ar-majputnu-darzeniem-un-risiem-500g","status":"publish","type":"product","link":"https:\/\/rezekne.citro.lv\/ru\/product\/bariba-suniem-sausa-pedigree-ar-majputnu-darzeniem-un-risiem-500g\/","title":{"rendered":"BAR\u012aBA SU\u0145IEM SAUS\u0100 PEDIGREE AR LIELOPU UN D\u0100RZE\u0145IEM 500G"},"content":{"rendered":"<p>Izcelsmes valsts: Polija<\/p>\n","protected":false},"excerpt":{"rendered":"<p>5.78 \u20ac\/KG<\/p>\n","protected":false},"featured_media":41384,"template":"","meta":{"_acf_changed":false,"inline_featured_image":false},"product_cat":[153,171],"product_tag":[],"acf":[],"aioseo_notices":[],"_links":{"self":[{"href":"https:\/\/rezekne.citro.lv\/ru\/wp-json\/wp\/v2\/product\/41302"}],"collection":[{"href":"https:\/\/rezekne.citro.lv\/ru\/wp-json\/wp\/v2\/product"}],"about":[{"href":"https:\/\/rezekne.citro.lv\/ru\/wp-json\/wp\/v2\/types\/product"}],"wp:featuredmedia":[{"embeddable":true,"href":"https:\/\/rezekne.citro.lv\/ru\/wp-json\/wp\/v2\/media\/41384"}],"wp:attachment":[{"href":"https:\/\/rezekne.citro.lv\/ru\/wp-json\/wp\/v2\/media?parent=41302"}],"wp:term":[{"taxonomy":"product_cat","embeddable":true,"href":"https:\/\/rezekne.citro.lv\/ru\/wp-json\/wp\/v2\/product_cat?post=41302"},{"taxonomy":"product_tag","embeddable":true,"href":"https:\/\/rezekne.citro.lv\/ru\/wp-json\/wp\/v2\/product_tag?post=41302"}],"curies":[{"name":"wp","href":"https:\/\/api.w.org\/{rel}","templated":true}]}}