{"id":41401,"date":"2026-01-29T01:00:03","date_gmt":"2026-01-28T23:00:03","guid":{"rendered":"https:\/\/rezekne.citro.psdev.lv\/veikals\/import-placeholder-for-10056\/"},"modified":"2026-05-09T06:40:33","modified_gmt":"2026-05-09T03:40:33","slug":"salmini-pienam-quick-milk-ar-sokolades-garsu-30g","status":"publish","type":"product","link":"https:\/\/rezekne.citro.lv\/ru\/product\/salmini-pienam-quick-milk-ar-sokolades-garsu-30g\/","title":{"rendered":"SALMI\u0145I PIENAM QUICK MILK AR \u0160OKOL\u0100DES GAR\u0160U 30G"},"content":{"rendered":"<p>Izcelsmes valsts: Ung\u0101rija<\/p>\n","protected":false},"excerpt":{"rendered":"<p>33.00 \u20ac\/KG<\/p>\n","protected":false},"featured_media":41441,"template":"","meta":{"_acf_changed":false,"inline_featured_image":false},"product_cat":[95,166],"product_tag":[],"acf":[],"aioseo_notices":[],"_links":{"self":[{"href":"https:\/\/rezekne.citro.lv\/ru\/wp-json\/wp\/v2\/product\/41401"}],"collection":[{"href":"https:\/\/rezekne.citro.lv\/ru\/wp-json\/wp\/v2\/product"}],"about":[{"href":"https:\/\/rezekne.citro.lv\/ru\/wp-json\/wp\/v2\/types\/product"}],"wp:featuredmedia":[{"embeddable":true,"href":"https:\/\/rezekne.citro.lv\/ru\/wp-json\/wp\/v2\/media\/41441"}],"wp:attachment":[{"href":"https:\/\/rezekne.citro.lv\/ru\/wp-json\/wp\/v2\/media?parent=41401"}],"wp:term":[{"taxonomy":"product_cat","embeddable":true,"href":"https:\/\/rezekne.citro.lv\/ru\/wp-json\/wp\/v2\/product_cat?post=41401"},{"taxonomy":"product_tag","embeddable":true,"href":"https:\/\/rezekne.citro.lv\/ru\/wp-json\/wp\/v2\/product_tag?post=41401"}],"curies":[{"name":"wp","href":"https:\/\/api.w.org\/{rel}","templated":true}]}}