{"id":41422,"date":"2026-03-26T01:18:45","date_gmt":"2026-03-25T23:18:45","guid":{"rendered":"https:\/\/rezekne.citro.psdev.lv\/veikals\/import-placeholder-for-10078\/"},"modified":"2026-03-26T01:18:52","modified_gmt":"2026-03-25T23:18:52","slug":"zobu-pasta-blanx-intensive-stain-removal-smeketajiem-75ml","status":"publish","type":"product","link":"https:\/\/rezekne.citro.lv\/ru\/product\/zobu-pasta-blanx-intensive-stain-removal-smeketajiem-75ml\/","title":{"rendered":"ZOBU PASTA BLANX INTENSIVE STAIN REMOVAL SM\u0112\u0136\u0112T\u0100JIEM 75ML"},"content":{"rendered":"<p>Izcelsmes valsts:<\/p>\n","protected":false},"excerpt":{"rendered":"<p>85.20 \u20ac\/KG<\/p>\n","protected":false},"featured_media":68884,"template":"","meta":{"_acf_changed":false,"inline_featured_image":false},"product_cat":[127,130],"product_tag":[],"acf":[],"aioseo_notices":[],"_links":{"self":[{"href":"https:\/\/rezekne.citro.lv\/ru\/wp-json\/wp\/v2\/product\/41422"}],"collection":[{"href":"https:\/\/rezekne.citro.lv\/ru\/wp-json\/wp\/v2\/product"}],"about":[{"href":"https:\/\/rezekne.citro.lv\/ru\/wp-json\/wp\/v2\/types\/product"}],"wp:featuredmedia":[{"embeddable":true,"href":"https:\/\/rezekne.citro.lv\/ru\/wp-json\/wp\/v2\/media\/68884"}],"wp:attachment":[{"href":"https:\/\/rezekne.citro.lv\/ru\/wp-json\/wp\/v2\/media?parent=41422"}],"wp:term":[{"taxonomy":"product_cat","embeddable":true,"href":"https:\/\/rezekne.citro.lv\/ru\/wp-json\/wp\/v2\/product_cat?post=41422"},{"taxonomy":"product_tag","embeddable":true,"href":"https:\/\/rezekne.citro.lv\/ru\/wp-json\/wp\/v2\/product_tag?post=41422"}],"curies":[{"name":"wp","href":"https:\/\/api.w.org\/{rel}","templated":true}]}}