{"id":41522,"date":"2026-03-14T00:02:01","date_gmt":"2026-03-13T22:02:01","guid":{"rendered":"https:\/\/rezekne.citro.psdev.lv\/veikals\/import-placeholder-for-10619\/"},"modified":"2026-04-04T06:25:29","modified_gmt":"2026-04-04T03:25:29","slug":"magonmaizite-citro-90g","status":"publish","type":"product","link":"https:\/\/rezekne.citro.lv\/ru\/product\/magonmaizite-citro-90g\/","title":{"rendered":"MAGO\u0145MAIZ\u012aTE CITRO 90G"},"content":{"rendered":"<p>Izcelsmes valsts: Latvija<br \/>Sast\u0101vda\u013cas:m\u012bkla{KVIE\u0160U MILTI: \u016bdens: margar\u012bns ((augu e\u013c\u013cas(palmu,rap\u0161u),\u016bdens,emulgatori(tauksk\u0101bju mono un diglicer\u012bdi,  tauksk\u0101bju un poliglicerina esteri, lecit\u012bns), s\u0101ls,sk\u0101buma regul\u0113t\u0101js E 330, konserv\u0101nts k\u0101lija sorb\u0101ts, arom\u0101ts, kr\u0101sviela 160b(i))): cukurs; saulespu\u0137u e\u013c\u013ca rafin\u0113ta;s\u0101ls: raugs sausais((raugs Saccharomyces cerevisiae ), emulgators: E491 )): uzlabot\u0101js(KVIE\u0160U milti, fermenti, miltu apstr\u0101des l\u012bdzeklis:E300.Var satur\u0113t LIPEKLI saturo\u0161o, OLU, SOJASpupu, SEZAMA s\u0113klu produktu da\u013ci\u0146as):    mago\u0146u pild\u012bjums(stabiliz\u0113tas magones40%, cukurs, KVIE\u0160U milti, biezin\u0101t\u0101js E1414, s\u0101ls): tum\u0161a glaz\u016bra(( cukurs, piln\u012bgi hidrogen\u0113ti augu tauki (palmu ), kakao pulveris ar samazin\u0101tu tauku saturu (16%), emulgators -E322 saulespu\u0137u lecit\u012bns,  aromatiz\u0113t\u0101js (vanil\u012bns), Var satur\u0113t PIENU,RIEKSTUS)); m\u012bkst\u0101 glaz\u016bra tum\u0161\u0101  ((cukurs, piln\u012bgi hidrogen\u0113ti augu tauki (palmu, rap\u0161u), kakao pulveris ar samazin\u0101tu tauku saturu (16%), PILNPIENA pulveris, emulgators (E322 SOJAS lecitins, arom\u0101ts (LAZDU RIEKSTU)): \u016bdens; olu aizvietot\u0101js((KAZE\u012aNS (PIENA olbaltumvielas), sk\u0101buma regul\u0113t\u0101js (E450, E500), LAKTOZE)); Uzglab\u0101\u0161anas temperat\u016bra,+20-+25C Inform\u0101cija par uzturv\u0113rt\u012bbu:100 g produkta satur: ener\u0123\u0113tisk\u0101 v\u0113rt\u012bba 1604 kJ \/ 383kcal; tauki 18.8g, tostarp pies\u0101tin\u0101t\u0101s tauksk\u0101bes 8.1g; og\u013chidr\u0101ti 45.8g, tostarp cukuri 17.4g; \u0161\u0137iedrvielas 3.3g; olbaltumvielas 6.1g; s\u0101ls 0.5g.<\/p>\n","protected":false},"excerpt":{"rendered":"<p>7.22 \u20ac\/KG<\/p>\n","protected":false},"featured_media":65869,"template":"","meta":{"_acf_changed":false,"inline_featured_image":false},"product_cat":[109,110],"product_tag":[],"acf":[],"aioseo_notices":[],"_links":{"self":[{"href":"https:\/\/rezekne.citro.lv\/ru\/wp-json\/wp\/v2\/product\/41522"}],"collection":[{"href":"https:\/\/rezekne.citro.lv\/ru\/wp-json\/wp\/v2\/product"}],"about":[{"href":"https:\/\/rezekne.citro.lv\/ru\/wp-json\/wp\/v2\/types\/product"}],"wp:featuredmedia":[{"embeddable":true,"href":"https:\/\/rezekne.citro.lv\/ru\/wp-json\/wp\/v2\/media\/65869"}],"wp:attachment":[{"href":"https:\/\/rezekne.citro.lv\/ru\/wp-json\/wp\/v2\/media?parent=41522"}],"wp:term":[{"taxonomy":"product_cat","embeddable":true,"href":"https:\/\/rezekne.citro.lv\/ru\/wp-json\/wp\/v2\/product_cat?post=41522"},{"taxonomy":"product_tag","embeddable":true,"href":"https:\/\/rezekne.citro.lv\/ru\/wp-json\/wp\/v2\/product_tag?post=41522"}],"curies":[{"name":"wp","href":"https:\/\/api.w.org\/{rel}","templated":true}]}}