{"id":41528,"date":"2026-05-02T00:02:08","date_gmt":"2026-05-01T21:02:08","guid":{"rendered":"https:\/\/rezekne.citro.psdev.lv\/veikals\/import-placeholder-for-10699\/"},"modified":"2026-05-02T00:02:14","modified_gmt":"2026-05-01T21:02:14","slug":"persiku-pusites-viegla-sirupa-kok-820g-480g","status":"publish","type":"product","link":"https:\/\/rezekne.citro.lv\/ru\/product\/persiku-pusites-viegla-sirupa-kok-820g-480g\/","title":{"rendered":"PERSIKU PUS\u012aTES VIEGL\u0100 S\u012aRUP\u0100 KOK 820G\/480G"},"content":{"rendered":"","protected":false},"excerpt":{"rendered":"<p>5.40 \u20ac\/KG<\/p>\n","protected":false},"featured_media":41590,"template":"","meta":{"_acf_changed":false,"inline_featured_image":false},"product_cat":[103,193],"product_tag":[],"acf":[],"aioseo_notices":[],"_links":{"self":[{"href":"https:\/\/rezekne.citro.lv\/ru\/wp-json\/wp\/v2\/product\/41528"}],"collection":[{"href":"https:\/\/rezekne.citro.lv\/ru\/wp-json\/wp\/v2\/product"}],"about":[{"href":"https:\/\/rezekne.citro.lv\/ru\/wp-json\/wp\/v2\/types\/product"}],"wp:featuredmedia":[{"embeddable":true,"href":"https:\/\/rezekne.citro.lv\/ru\/wp-json\/wp\/v2\/media\/41590"}],"wp:attachment":[{"href":"https:\/\/rezekne.citro.lv\/ru\/wp-json\/wp\/v2\/media?parent=41528"}],"wp:term":[{"taxonomy":"product_cat","embeddable":true,"href":"https:\/\/rezekne.citro.lv\/ru\/wp-json\/wp\/v2\/product_cat?post=41528"},{"taxonomy":"product_tag","embeddable":true,"href":"https:\/\/rezekne.citro.lv\/ru\/wp-json\/wp\/v2\/product_tag?post=41528"}],"curies":[{"name":"wp","href":"https:\/\/api.w.org\/{rel}","templated":true}]}}