{"id":41632,"date":"2026-02-26T01:01:05","date_gmt":"2026-02-25T23:01:05","guid":{"rendered":"https:\/\/rezekne.citro.psdev.lv\/veikals\/import-placeholder-for-10743\/"},"modified":"2026-05-08T06:29:24","modified_gmt":"2026-05-08T03:29:24","slug":"putra-auzu-parslu-axa-ar-mellenem-atri-pagat-40g","status":"publish","type":"product","link":"https:\/\/rezekne.citro.lv\/ru\/product\/putra-auzu-parslu-axa-ar-mellenem-atri-pagat-40g\/","title":{"rendered":"PUTRA AUZU P\u0100RSLU AXA AR MELLEN\u0112M \u0100TRI PAGAT. 40G"},"content":{"rendered":"<p>Izcelsmes valsts: Ukraina<\/p>\n","protected":false},"excerpt":{"rendered":"<p>12.25 \u20ac\/KG<\/p>\n","protected":false},"featured_media":72698,"template":"","meta":{"_acf_changed":false,"inline_featured_image":false},"product_cat":[118,123],"product_tag":[],"acf":[],"aioseo_notices":[],"_links":{"self":[{"href":"https:\/\/rezekne.citro.lv\/ru\/wp-json\/wp\/v2\/product\/41632"}],"collection":[{"href":"https:\/\/rezekne.citro.lv\/ru\/wp-json\/wp\/v2\/product"}],"about":[{"href":"https:\/\/rezekne.citro.lv\/ru\/wp-json\/wp\/v2\/types\/product"}],"wp:featuredmedia":[{"embeddable":true,"href":"https:\/\/rezekne.citro.lv\/ru\/wp-json\/wp\/v2\/media\/72698"}],"wp:attachment":[{"href":"https:\/\/rezekne.citro.lv\/ru\/wp-json\/wp\/v2\/media?parent=41632"}],"wp:term":[{"taxonomy":"product_cat","embeddable":true,"href":"https:\/\/rezekne.citro.lv\/ru\/wp-json\/wp\/v2\/product_cat?post=41632"},{"taxonomy":"product_tag","embeddable":true,"href":"https:\/\/rezekne.citro.lv\/ru\/wp-json\/wp\/v2\/product_tag?post=41632"}],"curies":[{"name":"wp","href":"https:\/\/api.w.org\/{rel}","templated":true}]}}