{"id":41651,"date":"2026-05-13T00:16:53","date_gmt":"2026-05-12T21:16:53","guid":{"rendered":"https:\/\/rezekne.citro.psdev.lv\/veikals\/import-placeholder-for-10781\/"},"modified":"2026-05-13T00:16:55","modified_gmt":"2026-05-12T21:16:55","slug":"bariba-suniem-sausa-pedigree-rodeo-gardums-70g","status":"publish","type":"product","link":"https:\/\/rezekne.citro.lv\/ru\/product\/bariba-suniem-sausa-pedigree-rodeo-gardums-70g\/","title":{"rendered":"BAR\u012aBA SU\u0145IEM SAUS\u0100 PEDIGREE RODEO GARDUMS 70G"},"content":{"rendered":"<p>Izcelsmes valsts: Ung\u0101rija<\/p>\n","protected":false},"excerpt":{"rendered":"<p>19.86 \u20ac\/KG<\/p>\n","protected":false},"featured_media":41737,"template":"","meta":{"_acf_changed":false,"inline_featured_image":false},"product_cat":[153,171,154],"product_tag":[],"acf":[],"aioseo_notices":[],"_links":{"self":[{"href":"https:\/\/rezekne.citro.lv\/ru\/wp-json\/wp\/v2\/product\/41651"}],"collection":[{"href":"https:\/\/rezekne.citro.lv\/ru\/wp-json\/wp\/v2\/product"}],"about":[{"href":"https:\/\/rezekne.citro.lv\/ru\/wp-json\/wp\/v2\/types\/product"}],"wp:featuredmedia":[{"embeddable":true,"href":"https:\/\/rezekne.citro.lv\/ru\/wp-json\/wp\/v2\/media\/41737"}],"wp:attachment":[{"href":"https:\/\/rezekne.citro.lv\/ru\/wp-json\/wp\/v2\/media?parent=41651"}],"wp:term":[{"taxonomy":"product_cat","embeddable":true,"href":"https:\/\/rezekne.citro.lv\/ru\/wp-json\/wp\/v2\/product_cat?post=41651"},{"taxonomy":"product_tag","embeddable":true,"href":"https:\/\/rezekne.citro.lv\/ru\/wp-json\/wp\/v2\/product_tag?post=41651"}],"curies":[{"name":"wp","href":"https:\/\/api.w.org\/{rel}","templated":true}]}}