{"id":41755,"date":"2025-07-10T12:03:45","date_gmt":"2025-07-10T09:03:45","guid":{"rendered":"https:\/\/rezekne.citro.psdev.lv\/veikals\/import-placeholder-for-10809\/"},"modified":"2026-03-13T06:11:35","modified_gmt":"2026-03-13T04:11:35","slug":"trauku-mazgasanas-lidzeklis-eco-dishwash-balm-500ml","status":"publish","type":"product","link":"https:\/\/rezekne.citro.lv\/ru\/product\/trauku-mazgasanas-lidzeklis-eco-dishwash-balm-500ml\/","title":{"rendered":"TRAUKU MAZG\u0100\u0160ANAS L\u012aDZEKLIS ECO DISHWASH BALM 500ML"},"content":{"rendered":"","protected":false},"excerpt":{"rendered":"<p>7.98 \u20ac\/L<\/p>\n","protected":false},"featured_media":41809,"template":"","meta":{"_acf_changed":false,"inline_featured_image":false},"product_cat":[131,169],"product_tag":[],"acf":[],"aioseo_notices":[],"_links":{"self":[{"href":"https:\/\/rezekne.citro.lv\/ru\/wp-json\/wp\/v2\/product\/41755"}],"collection":[{"href":"https:\/\/rezekne.citro.lv\/ru\/wp-json\/wp\/v2\/product"}],"about":[{"href":"https:\/\/rezekne.citro.lv\/ru\/wp-json\/wp\/v2\/types\/product"}],"wp:featuredmedia":[{"embeddable":true,"href":"https:\/\/rezekne.citro.lv\/ru\/wp-json\/wp\/v2\/media\/41809"}],"wp:attachment":[{"href":"https:\/\/rezekne.citro.lv\/ru\/wp-json\/wp\/v2\/media?parent=41755"}],"wp:term":[{"taxonomy":"product_cat","embeddable":true,"href":"https:\/\/rezekne.citro.lv\/ru\/wp-json\/wp\/v2\/product_cat?post=41755"},{"taxonomy":"product_tag","embeddable":true,"href":"https:\/\/rezekne.citro.lv\/ru\/wp-json\/wp\/v2\/product_tag?post=41755"}],"curies":[{"name":"wp","href":"https:\/\/api.w.org\/{rel}","templated":true}]}}