{"id":41872,"date":"2026-02-26T00:45:03","date_gmt":"2026-02-25T22:45:03","guid":{"rendered":"https:\/\/rezekne.citro.psdev.lv\/veikals\/import-placeholder-for-10863\/"},"modified":"2026-04-13T06:10:18","modified_gmt":"2026-04-13T03:10:18","slug":"popkorns-ar-cedara-siera-garsu-99g","status":"publish","type":"product","link":"https:\/\/rezekne.citro.lv\/ru\/product\/popkorns-ar-cedara-siera-garsu-99g\/","title":{"rendered":"POPKORNS AR \u010cEDARA SIERA GAR\u0160U 99G"},"content":{"rendered":"<p>Izcelsmes valsts: Bulg\u0101rija<\/p>\n","protected":false},"excerpt":{"rendered":"<p>7.58 \u20ac\/KG<\/p>\n","protected":false},"featured_media":53393,"template":"","meta":{"_acf_changed":false,"inline_featured_image":false},"product_cat":[599,125,228],"product_tag":[],"acf":[],"aioseo_notices":[],"_links":{"self":[{"href":"https:\/\/rezekne.citro.lv\/ru\/wp-json\/wp\/v2\/product\/41872"}],"collection":[{"href":"https:\/\/rezekne.citro.lv\/ru\/wp-json\/wp\/v2\/product"}],"about":[{"href":"https:\/\/rezekne.citro.lv\/ru\/wp-json\/wp\/v2\/types\/product"}],"wp:featuredmedia":[{"embeddable":true,"href":"https:\/\/rezekne.citro.lv\/ru\/wp-json\/wp\/v2\/media\/53393"}],"wp:attachment":[{"href":"https:\/\/rezekne.citro.lv\/ru\/wp-json\/wp\/v2\/media?parent=41872"}],"wp:term":[{"taxonomy":"product_cat","embeddable":true,"href":"https:\/\/rezekne.citro.lv\/ru\/wp-json\/wp\/v2\/product_cat?post=41872"},{"taxonomy":"product_tag","embeddable":true,"href":"https:\/\/rezekne.citro.lv\/ru\/wp-json\/wp\/v2\/product_tag?post=41872"}],"curies":[{"name":"wp","href":"https:\/\/api.w.org\/{rel}","templated":true}]}}