{"id":41883,"date":"2026-03-12T00:16:04","date_gmt":"2026-03-11T22:16:04","guid":{"rendered":"https:\/\/rezekne.citro.psdev.lv\/veikals\/import-placeholder-for-10883\/"},"modified":"2026-05-13T15:00:44","modified_gmt":"2026-05-13T12:00:44","slug":"konservi-zivju-lasa-fileja-anglu-sinepju-krema-170g-kaija","status":"publish","type":"product","link":"https:\/\/rezekne.citro.lv\/ru\/product\/konservi-zivju-lasa-fileja-anglu-sinepju-krema-170g-kaija\/","title":{"rendered":"KONSERVI ZIVJU LA\u0160A FILEJA ANG\u013bU SINEPJU KR\u0112M\u0100 170G KAIJA"},"content":{"rendered":"<p>Izcelsmes valsts: Latvija<\/p>\n","protected":false},"excerpt":{"rendered":"<p>17.00 \u20ac\/KG<\/p>\n","protected":false},"featured_media":41947,"template":"","meta":{"_acf_changed":false,"inline_featured_image":false},"product_cat":[135,136],"product_tag":[],"acf":[],"aioseo_notices":[],"_links":{"self":[{"href":"https:\/\/rezekne.citro.lv\/ru\/wp-json\/wp\/v2\/product\/41883"}],"collection":[{"href":"https:\/\/rezekne.citro.lv\/ru\/wp-json\/wp\/v2\/product"}],"about":[{"href":"https:\/\/rezekne.citro.lv\/ru\/wp-json\/wp\/v2\/types\/product"}],"wp:featuredmedia":[{"embeddable":true,"href":"https:\/\/rezekne.citro.lv\/ru\/wp-json\/wp\/v2\/media\/41947"}],"wp:attachment":[{"href":"https:\/\/rezekne.citro.lv\/ru\/wp-json\/wp\/v2\/media?parent=41883"}],"wp:term":[{"taxonomy":"product_cat","embeddable":true,"href":"https:\/\/rezekne.citro.lv\/ru\/wp-json\/wp\/v2\/product_cat?post=41883"},{"taxonomy":"product_tag","embeddable":true,"href":"https:\/\/rezekne.citro.lv\/ru\/wp-json\/wp\/v2\/product_tag?post=41883"}],"curies":[{"name":"wp","href":"https:\/\/api.w.org\/{rel}","templated":true}]}}