{"id":41889,"date":"2026-04-22T00:03:36","date_gmt":"2026-04-21T21:03:36","guid":{"rendered":"https:\/\/rezekne.citro.psdev.lv\/veikals\/import-placeholder-for-10895\/"},"modified":"2026-05-17T06:25:25","modified_gmt":"2026-05-17T03:25:25","slug":"deserts-jeppi-ar-biskvita-garsas-kremu-38g","status":"publish","type":"product","link":"https:\/\/rezekne.citro.lv\/ru\/product\/deserts-jeppi-ar-biskvita-garsas-kremu-38g\/","title":{"rendered":"BIEZPIENA SIERI\u0145\u0160 JEPPI AR BISKV\u012aTA GAR\u0160AS KR\u0112MU 38G"},"content":{"rendered":"<p>Izcelsmes valsts: Igaunija<\/p>\n","protected":false},"excerpt":{"rendered":"<p>6.58 \u20ac\/KG<\/p>\n","protected":false},"featured_media":41965,"template":"","meta":{"_acf_changed":false,"inline_featured_image":false},"product_cat":[95,188],"product_tag":[],"acf":[],"aioseo_notices":[],"_links":{"self":[{"href":"https:\/\/rezekne.citro.lv\/ru\/wp-json\/wp\/v2\/product\/41889"}],"collection":[{"href":"https:\/\/rezekne.citro.lv\/ru\/wp-json\/wp\/v2\/product"}],"about":[{"href":"https:\/\/rezekne.citro.lv\/ru\/wp-json\/wp\/v2\/types\/product"}],"wp:featuredmedia":[{"embeddable":true,"href":"https:\/\/rezekne.citro.lv\/ru\/wp-json\/wp\/v2\/media\/41965"}],"wp:attachment":[{"href":"https:\/\/rezekne.citro.lv\/ru\/wp-json\/wp\/v2\/media?parent=41889"}],"wp:term":[{"taxonomy":"product_cat","embeddable":true,"href":"https:\/\/rezekne.citro.lv\/ru\/wp-json\/wp\/v2\/product_cat?post=41889"},{"taxonomy":"product_tag","embeddable":true,"href":"https:\/\/rezekne.citro.lv\/ru\/wp-json\/wp\/v2\/product_tag?post=41889"}],"curies":[{"name":"wp","href":"https:\/\/api.w.org\/{rel}","templated":true}]}}