{"id":41986,"date":"2026-04-23T01:02:28","date_gmt":"2026-04-22T22:02:28","guid":{"rendered":"https:\/\/rezekne.citro.psdev.lv\/veikals\/import-placeholder-for-10919\/"},"modified":"2026-05-06T06:27:21","modified_gmt":"2026-05-06T03:27:21","slug":"tostermaize-kefira-vertiga-450g-fazer","status":"publish","type":"product","link":"https:\/\/rezekne.citro.lv\/ru\/product\/tostermaize-kefira-vertiga-450g-fazer\/","title":{"rendered":"TOSTERMAIZE KEF\u012aRA V\u0112RT\u012aG\u0100 450G FAZER"},"content":{"rendered":"<p>Izcelsmes valsts: Latvija<\/p>\n","protected":false},"excerpt":{"rendered":"<p>3.31 \u20ac\/KG<\/p>\n","protected":false},"featured_media":42034,"template":"","meta":{"_acf_changed":false,"inline_featured_image":false},"product_cat":[215,216],"product_tag":[],"acf":[],"aioseo_notices":[],"_links":{"self":[{"href":"https:\/\/rezekne.citro.lv\/ru\/wp-json\/wp\/v2\/product\/41986"}],"collection":[{"href":"https:\/\/rezekne.citro.lv\/ru\/wp-json\/wp\/v2\/product"}],"about":[{"href":"https:\/\/rezekne.citro.lv\/ru\/wp-json\/wp\/v2\/types\/product"}],"wp:featuredmedia":[{"embeddable":true,"href":"https:\/\/rezekne.citro.lv\/ru\/wp-json\/wp\/v2\/media\/42034"}],"wp:attachment":[{"href":"https:\/\/rezekne.citro.lv\/ru\/wp-json\/wp\/v2\/media?parent=41986"}],"wp:term":[{"taxonomy":"product_cat","embeddable":true,"href":"https:\/\/rezekne.citro.lv\/ru\/wp-json\/wp\/v2\/product_cat?post=41986"},{"taxonomy":"product_tag","embeddable":true,"href":"https:\/\/rezekne.citro.lv\/ru\/wp-json\/wp\/v2\/product_tag?post=41986"}],"curies":[{"name":"wp","href":"https:\/\/api.w.org\/{rel}","templated":true}]}}