{"id":41999,"date":"2026-03-26T01:15:45","date_gmt":"2026-03-25T23:15:45","guid":{"rendered":"https:\/\/rezekne.citro.psdev.lv\/veikals\/import-placeholder-for-10942\/"},"modified":"2026-04-05T06:28:11","modified_gmt":"2026-04-05T03:28:11","slug":"tymbark-zemenu-abolu-persiku-dzeriens-0-2l","status":"publish","type":"product","link":"https:\/\/rezekne.citro.lv\/ru\/product\/tymbark-zemenu-abolu-persiku-dzeriens-0-2l\/","title":{"rendered":"TYMBARK ZEME\u0145U- \u0100BOLU- PERSIKU DZ\u0112RIENS 0.2L"},"content":{"rendered":"<p>Izcelsmes valsts: Polija<\/p>\n","protected":false},"excerpt":{"rendered":"<p>1.95 \u20ac\/L<\/p>\n","protected":false},"featured_media":69410,"template":"","meta":{"_acf_changed":false,"inline_featured_image":false},"product_cat":[106,124],"product_tag":[],"acf":[],"aioseo_notices":[],"_links":{"self":[{"href":"https:\/\/rezekne.citro.lv\/ru\/wp-json\/wp\/v2\/product\/41999"}],"collection":[{"href":"https:\/\/rezekne.citro.lv\/ru\/wp-json\/wp\/v2\/product"}],"about":[{"href":"https:\/\/rezekne.citro.lv\/ru\/wp-json\/wp\/v2\/types\/product"}],"wp:featuredmedia":[{"embeddable":true,"href":"https:\/\/rezekne.citro.lv\/ru\/wp-json\/wp\/v2\/media\/69410"}],"wp:attachment":[{"href":"https:\/\/rezekne.citro.lv\/ru\/wp-json\/wp\/v2\/media?parent=41999"}],"wp:term":[{"taxonomy":"product_cat","embeddable":true,"href":"https:\/\/rezekne.citro.lv\/ru\/wp-json\/wp\/v2\/product_cat?post=41999"},{"taxonomy":"product_tag","embeddable":true,"href":"https:\/\/rezekne.citro.lv\/ru\/wp-json\/wp\/v2\/product_tag?post=41999"}],"curies":[{"name":"wp","href":"https:\/\/api.w.org\/{rel}","templated":true}]}}