{"id":42442,"date":"2020-12-14T17:02:01","date_gmt":"2020-12-14T15:02:01","guid":{"rendered":"https:\/\/rezekne.citro.lv\/veikals\/degvins-belorusskaja-psenicnaja-40-0-35l\/"},"modified":"2021-01-25T07:50:33","modified_gmt":"2021-01-25T05:50:33","slug":"degvins-belorusskaja-psenicnaja-40-0-35l","status":"publish","type":"product","link":"https:\/\/rezekne.citro.lv\/ru\/product\/degvins-belorusskaja-psenicnaja-40-0-35l\/","title":{"rendered":"DEGV\u012aNS BELORUSSKAJA P\u0160ENI\u010cNAJA 40% 0.35L"},"content":{"rendered":"","protected":false},"excerpt":{"rendered":"<p>12.54\u20ac\/l<\/p>\n","protected":false},"featured_media":42443,"template":"","meta":{"_acf_changed":false,"inline_featured_image":false},"product_cat":[87,88],"product_tag":[],"acf":[],"aioseo_notices":[],"_links":{"self":[{"href":"https:\/\/rezekne.citro.lv\/ru\/wp-json\/wp\/v2\/product\/42442"}],"collection":[{"href":"https:\/\/rezekne.citro.lv\/ru\/wp-json\/wp\/v2\/product"}],"about":[{"href":"https:\/\/rezekne.citro.lv\/ru\/wp-json\/wp\/v2\/types\/product"}],"wp:featuredmedia":[{"embeddable":true,"href":"https:\/\/rezekne.citro.lv\/ru\/wp-json\/wp\/v2\/media\/42443"}],"wp:attachment":[{"href":"https:\/\/rezekne.citro.lv\/ru\/wp-json\/wp\/v2\/media?parent=42442"}],"wp:term":[{"taxonomy":"product_cat","embeddable":true,"href":"https:\/\/rezekne.citro.lv\/ru\/wp-json\/wp\/v2\/product_cat?post=42442"},{"taxonomy":"product_tag","embeddable":true,"href":"https:\/\/rezekne.citro.lv\/ru\/wp-json\/wp\/v2\/product_tag?post=42442"}],"curies":[{"name":"wp","href":"https:\/\/api.w.org\/{rel}","templated":true}]}}