{"id":42557,"date":"2020-12-14T17:02:27","date_gmt":"2020-12-14T15:02:27","guid":{"rendered":"https:\/\/rezekne.citro.lv\/veikals\/pupinas-varitas-dimdini-300g\/"},"modified":"2020-12-23T23:01:16","modified_gmt":"2020-12-23T21:01:16","slug":"pupinas-varitas-dimdini-300g","status":"publish","type":"product","link":"https:\/\/rezekne.citro.lv\/ru\/product\/pupinas-varitas-dimdini-300g\/","title":{"rendered":"PUPI\u0145AS V\u0100R\u012aTAS DIMDI\u0145I 300G"},"content":{"rendered":"","protected":false},"excerpt":{"rendered":"<p>2.60\u20ac\/kg<\/p>\n","protected":false},"featured_media":42558,"template":"","meta":{"_acf_changed":false,"inline_featured_image":false},"product_cat":[97,99],"product_tag":[],"acf":[],"aioseo_notices":[],"_links":{"self":[{"href":"https:\/\/rezekne.citro.lv\/ru\/wp-json\/wp\/v2\/product\/42557"}],"collection":[{"href":"https:\/\/rezekne.citro.lv\/ru\/wp-json\/wp\/v2\/product"}],"about":[{"href":"https:\/\/rezekne.citro.lv\/ru\/wp-json\/wp\/v2\/types\/product"}],"wp:featuredmedia":[{"embeddable":true,"href":"https:\/\/rezekne.citro.lv\/ru\/wp-json\/wp\/v2\/media\/42558"}],"wp:attachment":[{"href":"https:\/\/rezekne.citro.lv\/ru\/wp-json\/wp\/v2\/media?parent=42557"}],"wp:term":[{"taxonomy":"product_cat","embeddable":true,"href":"https:\/\/rezekne.citro.lv\/ru\/wp-json\/wp\/v2\/product_cat?post=42557"},{"taxonomy":"product_tag","embeddable":true,"href":"https:\/\/rezekne.citro.lv\/ru\/wp-json\/wp\/v2\/product_tag?post=42557"}],"curies":[{"name":"wp","href":"https:\/\/api.w.org\/{rel}","templated":true}]}}