{"id":42561,"date":"2026-05-07T00:17:21","date_gmt":"2026-05-06T21:17:21","guid":{"rendered":"https:\/\/rezekne.citro.lv\/veikals\/autinbiksites-happy-mini-3-6kg-38gb-bernu-2izm\/"},"modified":"2026-05-07T00:17:23","modified_gmt":"2026-05-06T21:17:23","slug":"autinbiksites-happy-mini-2-izmers-3-6kg-38gab","status":"publish","type":"product","link":"https:\/\/rezekne.citro.lv\/ru\/product\/autinbiksites-happy-mini-2-izmers-3-6kg-38gab\/","title":{"rendered":"AUTI\u0145BIKS\u012aTES HAPPY MINI 2.IZM\u0112RS 3-6KG 38GAB."},"content":{"rendered":"<p>Izcelsmes valsts: Polija<\/p>\n","protected":false},"excerpt":{"rendered":"<p>0.20 \u20ac\/GAB<\/p>\n","protected":false},"featured_media":26074,"template":"","meta":{"_acf_changed":false,"inline_featured_image":false},"product_cat":[172,189],"product_tag":[],"acf":[],"aioseo_notices":[],"_links":{"self":[{"href":"https:\/\/rezekne.citro.lv\/ru\/wp-json\/wp\/v2\/product\/42561"}],"collection":[{"href":"https:\/\/rezekne.citro.lv\/ru\/wp-json\/wp\/v2\/product"}],"about":[{"href":"https:\/\/rezekne.citro.lv\/ru\/wp-json\/wp\/v2\/types\/product"}],"wp:featuredmedia":[{"embeddable":true,"href":"https:\/\/rezekne.citro.lv\/ru\/wp-json\/wp\/v2\/media\/26074"}],"wp:attachment":[{"href":"https:\/\/rezekne.citro.lv\/ru\/wp-json\/wp\/v2\/media?parent=42561"}],"wp:term":[{"taxonomy":"product_cat","embeddable":true,"href":"https:\/\/rezekne.citro.lv\/ru\/wp-json\/wp\/v2\/product_cat?post=42561"},{"taxonomy":"product_tag","embeddable":true,"href":"https:\/\/rezekne.citro.lv\/ru\/wp-json\/wp\/v2\/product_tag?post=42561"}],"curies":[{"name":"wp","href":"https:\/\/api.w.org\/{rel}","templated":true}]}}