{"id":42632,"date":"2026-02-26T00:34:41","date_gmt":"2026-02-25T22:34:41","guid":{"rendered":"https:\/\/rezekne.citro.lv\/veikals\/bariba-kakiem-perfect-fit-ar-calu-galu-steriliz-kakiem-750g\/"},"modified":"2026-03-27T09:04:42","modified_gmt":"2026-03-27T07:04:42","slug":"bariba-kakiem-sausa-perfect-fit-ster-kakiem-ar-cala-galu-750g","status":"publish","type":"product","link":"https:\/\/rezekne.citro.lv\/ru\/product\/bariba-kakiem-sausa-perfect-fit-ster-kakiem-ar-cala-galu-750g\/","title":{"rendered":"BAR\u012aBA KA\u0136IEM SAUS\u0100 PERFECT FIT STER.KA\u0136IEM AR C\u0100\u013bA GA\u013bU 750G"},"content":{"rendered":"<p>Izcelsmes valsts: V\u0101cija<\/p>\n","protected":false},"excerpt":{"rendered":"<p>7.80 \u20ac\/KG<\/p>\n","protected":false},"featured_media":5102,"template":"","meta":{"_acf_changed":false,"inline_featured_image":false},"product_cat":[153,175],"product_tag":[],"acf":[],"aioseo_notices":[],"_links":{"self":[{"href":"https:\/\/rezekne.citro.lv\/ru\/wp-json\/wp\/v2\/product\/42632"}],"collection":[{"href":"https:\/\/rezekne.citro.lv\/ru\/wp-json\/wp\/v2\/product"}],"about":[{"href":"https:\/\/rezekne.citro.lv\/ru\/wp-json\/wp\/v2\/types\/product"}],"wp:featuredmedia":[{"embeddable":true,"href":"https:\/\/rezekne.citro.lv\/ru\/wp-json\/wp\/v2\/media\/5102"}],"wp:attachment":[{"href":"https:\/\/rezekne.citro.lv\/ru\/wp-json\/wp\/v2\/media?parent=42632"}],"wp:term":[{"taxonomy":"product_cat","embeddable":true,"href":"https:\/\/rezekne.citro.lv\/ru\/wp-json\/wp\/v2\/product_cat?post=42632"},{"taxonomy":"product_tag","embeddable":true,"href":"https:\/\/rezekne.citro.lv\/ru\/wp-json\/wp\/v2\/product_tag?post=42632"}],"curies":[{"name":"wp","href":"https:\/\/api.w.org\/{rel}","templated":true}]}}