{"id":42661,"date":"2026-04-23T00:48:02","date_gmt":"2026-04-22T21:48:02","guid":{"rendered":"https:\/\/rezekne.citro.lv\/veikals\/cala-skinki-ar-garsvielam-1kg-hkscan\/"},"modified":"2026-04-24T06:25:28","modified_gmt":"2026-04-24T03:25:28","slug":"cala-skinki-ar-garsvielam-1kg-hkscan","status":"publish","type":"product","link":"https:\/\/rezekne.citro.lv\/ru\/product\/cala-skinki-ar-garsvielam-1kg-hkscan\/","title":{"rendered":"C\u0100\u013bA \u0160\u0136I\u0145\u0136I AR GAR\u0160VIEL\u0100M 800G HKSCAN"},"content":{"rendered":"<p>Izcelsmes valsts: Igaunija<\/p>\n","protected":false},"excerpt":{"rendered":"<p>5.49 \u20ac\/KG<\/p>\n","protected":false},"featured_media":43214,"template":"","meta":{"_acf_changed":false,"inline_featured_image":false},"product_cat":[135,182],"product_tag":[],"acf":[],"aioseo_notices":[],"_links":{"self":[{"href":"https:\/\/rezekne.citro.lv\/ru\/wp-json\/wp\/v2\/product\/42661"}],"collection":[{"href":"https:\/\/rezekne.citro.lv\/ru\/wp-json\/wp\/v2\/product"}],"about":[{"href":"https:\/\/rezekne.citro.lv\/ru\/wp-json\/wp\/v2\/types\/product"}],"wp:featuredmedia":[{"embeddable":true,"href":"https:\/\/rezekne.citro.lv\/ru\/wp-json\/wp\/v2\/media\/43214"}],"wp:attachment":[{"href":"https:\/\/rezekne.citro.lv\/ru\/wp-json\/wp\/v2\/media?parent=42661"}],"wp:term":[{"taxonomy":"product_cat","embeddable":true,"href":"https:\/\/rezekne.citro.lv\/ru\/wp-json\/wp\/v2\/product_cat?post=42661"},{"taxonomy":"product_tag","embeddable":true,"href":"https:\/\/rezekne.citro.lv\/ru\/wp-json\/wp\/v2\/product_tag?post=42661"}],"curies":[{"name":"wp","href":"https:\/\/api.w.org\/{rel}","templated":true}]}}