{"id":42662,"date":"2026-03-26T01:01:33","date_gmt":"2026-03-25T23:01:33","guid":{"rendered":"https:\/\/rezekne.citro.lv\/veikals\/silku-fileja-majas-gaume-500g-250g\/"},"modified":"2026-05-02T06:27:11","modified_gmt":"2026-05-02T03:27:11","slug":"silku-fileja-majas-gaume-500g-250g","status":"publish","type":"product","link":"https:\/\/rezekne.citro.lv\/ru\/product\/silku-fileja-majas-gaume-500g-250g\/","title":{"rendered":"SI\u013b\u0136U FILEJA M\u0100JAS GAUM\u0112 500G\/250G"},"content":{"rendered":"<p>Izcelsmes valsts: Latvija<\/p>\n","protected":false},"excerpt":{"rendered":"<p>14.36 \u20ac\/KG<\/p>\n","protected":false},"featured_media":42663,"template":"","meta":{"_acf_changed":false,"inline_featured_image":false},"product_cat":[135,136],"product_tag":[],"acf":[],"aioseo_notices":[],"_links":{"self":[{"href":"https:\/\/rezekne.citro.lv\/ru\/wp-json\/wp\/v2\/product\/42662"}],"collection":[{"href":"https:\/\/rezekne.citro.lv\/ru\/wp-json\/wp\/v2\/product"}],"about":[{"href":"https:\/\/rezekne.citro.lv\/ru\/wp-json\/wp\/v2\/types\/product"}],"wp:featuredmedia":[{"embeddable":true,"href":"https:\/\/rezekne.citro.lv\/ru\/wp-json\/wp\/v2\/media\/42663"}],"wp:attachment":[{"href":"https:\/\/rezekne.citro.lv\/ru\/wp-json\/wp\/v2\/media?parent=42662"}],"wp:term":[{"taxonomy":"product_cat","embeddable":true,"href":"https:\/\/rezekne.citro.lv\/ru\/wp-json\/wp\/v2\/product_cat?post=42662"},{"taxonomy":"product_tag","embeddable":true,"href":"https:\/\/rezekne.citro.lv\/ru\/wp-json\/wp\/v2\/product_tag?post=42662"}],"curies":[{"name":"wp","href":"https:\/\/api.w.org\/{rel}","templated":true}]}}