{"id":42666,"date":"2026-04-23T01:30:08","date_gmt":"2026-04-22T22:30:08","guid":{"rendered":"https:\/\/rezekne.citro.lv\/veikals\/tunca-steiks-saulespuku-ella-calvo-80g-56g\/"},"modified":"2026-04-23T06:14:12","modified_gmt":"2026-04-23T03:14:12","slug":"tunca-steiks-saulespuku-ella-calvo-80g-56g","status":"publish","type":"product","link":"https:\/\/rezekne.citro.lv\/ru\/product\/tunca-steiks-saulespuku-ella-calvo-80g-56g\/","title":{"rendered":"TUN\u010cA STEIKS SAULESPU\u0136U E\u013b\u013b\u0100 CALVO 80G\/56G"},"content":{"rendered":"<p>Izcelsmes valsts: Sp\u0101nija<\/p>\n","protected":false},"excerpt":{"rendered":"<p>33.75 \u20ac\/KG<\/p>\n","protected":false},"featured_media":47316,"template":"","meta":{"_acf_changed":false,"inline_featured_image":false},"product_cat":[135,136],"product_tag":[],"acf":[],"aioseo_notices":[],"_links":{"self":[{"href":"https:\/\/rezekne.citro.lv\/ru\/wp-json\/wp\/v2\/product\/42666"}],"collection":[{"href":"https:\/\/rezekne.citro.lv\/ru\/wp-json\/wp\/v2\/product"}],"about":[{"href":"https:\/\/rezekne.citro.lv\/ru\/wp-json\/wp\/v2\/types\/product"}],"wp:featuredmedia":[{"embeddable":true,"href":"https:\/\/rezekne.citro.lv\/ru\/wp-json\/wp\/v2\/media\/47316"}],"wp:attachment":[{"href":"https:\/\/rezekne.citro.lv\/ru\/wp-json\/wp\/v2\/media?parent=42666"}],"wp:term":[{"taxonomy":"product_cat","embeddable":true,"href":"https:\/\/rezekne.citro.lv\/ru\/wp-json\/wp\/v2\/product_cat?post=42666"},{"taxonomy":"product_tag","embeddable":true,"href":"https:\/\/rezekne.citro.lv\/ru\/wp-json\/wp\/v2\/product_tag?post=42666"}],"curies":[{"name":"wp","href":"https:\/\/api.w.org\/{rel}","templated":true}]}}