{"id":42676,"date":"2026-01-02T01:02:17","date_gmt":"2026-01-01T23:02:17","guid":{"rendered":"https:\/\/rezekne.citro.lv\/veikals\/kanelkoka-miza-santa-maria-22g\/"},"modified":"2026-01-02T01:02:29","modified_gmt":"2026-01-01T23:02:29","slug":"garsv-kanelkoka-miza-santa-maria-22g","status":"publish","type":"product","link":"https:\/\/rezekne.citro.lv\/ru\/product\/garsv-kanelkoka-miza-santa-maria-22g\/","title":{"rendered":"GAR\u0160V. KAN\u0112\u013bKOKA MIZA SANTA MARIA 22G"},"content":{"rendered":"<p>Izcelsmes valsts: Igaunija<\/p>\n","protected":false},"excerpt":{"rendered":"<p>99.55 \u20ac\/KG<\/p>\n","protected":false},"featured_media":42677,"template":"","meta":{"_acf_changed":false,"inline_featured_image":false},"product_cat":[116,165],"product_tag":[],"acf":[],"aioseo_notices":[],"_links":{"self":[{"href":"https:\/\/rezekne.citro.lv\/ru\/wp-json\/wp\/v2\/product\/42676"}],"collection":[{"href":"https:\/\/rezekne.citro.lv\/ru\/wp-json\/wp\/v2\/product"}],"about":[{"href":"https:\/\/rezekne.citro.lv\/ru\/wp-json\/wp\/v2\/types\/product"}],"wp:featuredmedia":[{"embeddable":true,"href":"https:\/\/rezekne.citro.lv\/ru\/wp-json\/wp\/v2\/media\/42677"}],"wp:attachment":[{"href":"https:\/\/rezekne.citro.lv\/ru\/wp-json\/wp\/v2\/media?parent=42676"}],"wp:term":[{"taxonomy":"product_cat","embeddable":true,"href":"https:\/\/rezekne.citro.lv\/ru\/wp-json\/wp\/v2\/product_cat?post=42676"},{"taxonomy":"product_tag","embeddable":true,"href":"https:\/\/rezekne.citro.lv\/ru\/wp-json\/wp\/v2\/product_tag?post=42676"}],"curies":[{"name":"wp","href":"https:\/\/api.w.org\/{rel}","templated":true}]}}