{"id":42752,"date":"2026-02-26T01:02:33","date_gmt":"2026-02-25T23:02:33","guid":{"rendered":"https:\/\/rezekne.citro.lv\/veikals\/biezenis-kubus-100-abolu-bananu-100g\/"},"modified":"2026-05-09T06:40:26","modified_gmt":"2026-05-09T03:40:26","slug":"biezenis-kubus-100-abolu-bananu-100g","status":"publish","type":"product","link":"https:\/\/rezekne.citro.lv\/ru\/product\/biezenis-kubus-100-abolu-bananu-100g\/","title":{"rendered":"BIEZENIS KUBU\u0160 100% \u0100BOLU-BAN\u0100NU 100G"},"content":{"rendered":"<p>Izcelsmes valsts: Polija<\/p>\n","protected":false},"excerpt":{"rendered":"<p>9.50 \u20ac\/L<\/p>\n","protected":false},"featured_media":4688,"template":"","meta":{"_acf_changed":false,"inline_featured_image":false},"product_cat":[103,193,172,173],"product_tag":[],"acf":[],"aioseo_notices":[],"_links":{"self":[{"href":"https:\/\/rezekne.citro.lv\/ru\/wp-json\/wp\/v2\/product\/42752"}],"collection":[{"href":"https:\/\/rezekne.citro.lv\/ru\/wp-json\/wp\/v2\/product"}],"about":[{"href":"https:\/\/rezekne.citro.lv\/ru\/wp-json\/wp\/v2\/types\/product"}],"wp:featuredmedia":[{"embeddable":true,"href":"https:\/\/rezekne.citro.lv\/ru\/wp-json\/wp\/v2\/media\/4688"}],"wp:attachment":[{"href":"https:\/\/rezekne.citro.lv\/ru\/wp-json\/wp\/v2\/media?parent=42752"}],"wp:term":[{"taxonomy":"product_cat","embeddable":true,"href":"https:\/\/rezekne.citro.lv\/ru\/wp-json\/wp\/v2\/product_cat?post=42752"},{"taxonomy":"product_tag","embeddable":true,"href":"https:\/\/rezekne.citro.lv\/ru\/wp-json\/wp\/v2\/product_tag?post=42752"}],"curies":[{"name":"wp","href":"https:\/\/api.w.org\/{rel}","templated":true}]}}