{"id":42762,"date":"2026-03-26T00:49:49","date_gmt":"2026-03-25T22:49:49","guid":{"rendered":"https:\/\/rezekne.citro.lv\/veikals\/maize-melna-ar-saulespuku-seklam-garda-280g-fazer\/"},"modified":"2026-05-10T06:27:13","modified_gmt":"2026-05-10T03:27:13","slug":"maize-melna-garda-ar-saulespuku-seklam-280g","status":"publish","type":"product","link":"https:\/\/rezekne.citro.lv\/ru\/product\/maize-melna-garda-ar-saulespuku-seklam-280g\/","title":{"rendered":"MAIZE MELN\u0100 GARD\u0100 AR SAULESPU\u0136U S\u0112KL\u0100M 280G"},"content":{"rendered":"<p>Izcelsmes valsts: Lietuva<\/p>\n","protected":false},"excerpt":{"rendered":"<p>4.46 \u20ac\/KG<\/p>\n","protected":false},"featured_media":8442,"template":"","meta":{"_acf_changed":false,"inline_featured_image":false},"product_cat":[215,216],"product_tag":[],"acf":[],"aioseo_notices":[],"_links":{"self":[{"href":"https:\/\/rezekne.citro.lv\/ru\/wp-json\/wp\/v2\/product\/42762"}],"collection":[{"href":"https:\/\/rezekne.citro.lv\/ru\/wp-json\/wp\/v2\/product"}],"about":[{"href":"https:\/\/rezekne.citro.lv\/ru\/wp-json\/wp\/v2\/types\/product"}],"wp:featuredmedia":[{"embeddable":true,"href":"https:\/\/rezekne.citro.lv\/ru\/wp-json\/wp\/v2\/media\/8442"}],"wp:attachment":[{"href":"https:\/\/rezekne.citro.lv\/ru\/wp-json\/wp\/v2\/media?parent=42762"}],"wp:term":[{"taxonomy":"product_cat","embeddable":true,"href":"https:\/\/rezekne.citro.lv\/ru\/wp-json\/wp\/v2\/product_cat?post=42762"},{"taxonomy":"product_tag","embeddable":true,"href":"https:\/\/rezekne.citro.lv\/ru\/wp-json\/wp\/v2\/product_tag?post=42762"}],"curies":[{"name":"wp","href":"https:\/\/api.w.org\/{rel}","templated":true}]}}