{"id":42764,"date":"2026-02-26T00:34:26","date_gmt":"2026-02-25T22:34:26","guid":{"rendered":"https:\/\/rezekne.citro.lv\/veikals\/sausmaizites-bruschette-ceptas-ar-senu-un-krejuma-garsu-70g\/"},"modified":"2026-04-28T06:04:57","modified_gmt":"2026-04-28T03:04:57","slug":"sausmaizites-ar-senu-garsu-bruschetti-maretti-70g","status":"publish","type":"product","link":"https:\/\/rezekne.citro.lv\/ru\/product\/sausmaizites-ar-senu-garsu-bruschetti-maretti-70g\/","title":{"rendered":"SAUSMAIZ\u012aTES AR S\u0112\u0145U GAR\u0160U BRUSCHETTI MARETTI 70G"},"content":{"rendered":"<p>Izcelsmes valsts: Bulg\u0101rija<\/p>\n","protected":false},"excerpt":{"rendered":"<p>15.57 \u20ac\/KG<\/p>\n","protected":false},"featured_media":43106,"template":"","meta":{"_acf_changed":false,"inline_featured_image":false},"product_cat":[215,563],"product_tag":[],"acf":[],"aioseo_notices":[],"_links":{"self":[{"href":"https:\/\/rezekne.citro.lv\/ru\/wp-json\/wp\/v2\/product\/42764"}],"collection":[{"href":"https:\/\/rezekne.citro.lv\/ru\/wp-json\/wp\/v2\/product"}],"about":[{"href":"https:\/\/rezekne.citro.lv\/ru\/wp-json\/wp\/v2\/types\/product"}],"wp:featuredmedia":[{"embeddable":true,"href":"https:\/\/rezekne.citro.lv\/ru\/wp-json\/wp\/v2\/media\/43106"}],"wp:attachment":[{"href":"https:\/\/rezekne.citro.lv\/ru\/wp-json\/wp\/v2\/media?parent=42764"}],"wp:term":[{"taxonomy":"product_cat","embeddable":true,"href":"https:\/\/rezekne.citro.lv\/ru\/wp-json\/wp\/v2\/product_cat?post=42764"},{"taxonomy":"product_tag","embeddable":true,"href":"https:\/\/rezekne.citro.lv\/ru\/wp-json\/wp\/v2\/product_tag?post=42764"}],"curies":[{"name":"wp","href":"https:\/\/api.w.org\/{rel}","templated":true}]}}