{"id":42769,"date":"2026-04-23T00:47:32","date_gmt":"2026-04-22T21:47:32","guid":{"rendered":"https:\/\/rezekne.citro.lv\/veikals\/batonins-kinder-pingui-30g-glab-t-2-6\/"},"modified":"2026-05-02T06:25:34","modified_gmt":"2026-05-02T03:25:34","slug":"ferrero-sokol-bat-kinder-pingui-31g","status":"publish","type":"product","link":"https:\/\/rezekne.citro.lv\/ru\/product\/ferrero-sokol-bat-kinder-pingui-31g\/","title":{"rendered":"BATONI\u0145\u0160 KINDER PINGUI 30G"},"content":{"rendered":"<p>Izcelsmes valsts: V\u0101cija<\/p>\n","protected":false},"excerpt":{"rendered":"<p>20.97 \u20ac\/KG<\/p>\n","protected":false},"featured_media":60921,"template":"","meta":{"_acf_changed":false,"inline_featured_image":false},"product_cat":[95,188],"product_tag":[],"acf":[],"aioseo_notices":[],"_links":{"self":[{"href":"https:\/\/rezekne.citro.lv\/ru\/wp-json\/wp\/v2\/product\/42769"}],"collection":[{"href":"https:\/\/rezekne.citro.lv\/ru\/wp-json\/wp\/v2\/product"}],"about":[{"href":"https:\/\/rezekne.citro.lv\/ru\/wp-json\/wp\/v2\/types\/product"}],"wp:featuredmedia":[{"embeddable":true,"href":"https:\/\/rezekne.citro.lv\/ru\/wp-json\/wp\/v2\/media\/60921"}],"wp:attachment":[{"href":"https:\/\/rezekne.citro.lv\/ru\/wp-json\/wp\/v2\/media?parent=42769"}],"wp:term":[{"taxonomy":"product_cat","embeddable":true,"href":"https:\/\/rezekne.citro.lv\/ru\/wp-json\/wp\/v2\/product_cat?post=42769"},{"taxonomy":"product_tag","embeddable":true,"href":"https:\/\/rezekne.citro.lv\/ru\/wp-json\/wp\/v2\/product_tag?post=42769"}],"curies":[{"name":"wp","href":"https:\/\/api.w.org\/{rel}","templated":true}]}}