{"id":42791,"date":"2026-03-26T00:48:43","date_gmt":"2026-03-25T22:48:43","guid":{"rendered":"https:\/\/rezekne.citro.lv\/veikals\/lidzeklis-tirisanas-gridu-mazgasanai-vici-500ml\/"},"modified":"2026-04-06T06:25:08","modified_gmt":"2026-04-06T03:25:08","slug":"lidzeklis-gridu-mazgasanai-vici-500ml","status":"publish","type":"product","link":"https:\/\/rezekne.citro.lv\/ru\/product\/lidzeklis-gridu-mazgasanai-vici-500ml\/","title":{"rendered":"L\u012aDZEKLIS GR\u012aDU MAZG\u0100\u0160ANAI VICI 500ML"},"content":{"rendered":"<p>Izcelsmes valsts:<\/p>\n","protected":false},"excerpt":{"rendered":"<p>3.38 \u20ac\/L<\/p>\n","protected":false},"featured_media":30702,"template":"","meta":{"_acf_changed":false,"inline_featured_image":false},"product_cat":[131,169],"product_tag":[],"acf":[],"aioseo_notices":[],"_links":{"self":[{"href":"https:\/\/rezekne.citro.lv\/ru\/wp-json\/wp\/v2\/product\/42791"}],"collection":[{"href":"https:\/\/rezekne.citro.lv\/ru\/wp-json\/wp\/v2\/product"}],"about":[{"href":"https:\/\/rezekne.citro.lv\/ru\/wp-json\/wp\/v2\/types\/product"}],"wp:featuredmedia":[{"embeddable":true,"href":"https:\/\/rezekne.citro.lv\/ru\/wp-json\/wp\/v2\/media\/30702"}],"wp:attachment":[{"href":"https:\/\/rezekne.citro.lv\/ru\/wp-json\/wp\/v2\/media?parent=42791"}],"wp:term":[{"taxonomy":"product_cat","embeddable":true,"href":"https:\/\/rezekne.citro.lv\/ru\/wp-json\/wp\/v2\/product_cat?post=42791"},{"taxonomy":"product_tag","embeddable":true,"href":"https:\/\/rezekne.citro.lv\/ru\/wp-json\/wp\/v2\/product_tag?post=42791"}],"curies":[{"name":"wp","href":"https:\/\/api.w.org\/{rel}","templated":true}]}}