{"id":42826,"date":"2026-05-07T00:16:03","date_gmt":"2026-05-06T21:16:03","guid":{"rendered":"https:\/\/rezekne.citro.lv\/veikals\/rieksti-lazdu-lobiti-120g\/"},"modified":"2026-05-10T06:27:09","modified_gmt":"2026-05-10T03:27:09","slug":"rieksti-lazdu-lobiti-120g-alisco","status":"publish","type":"product","link":"https:\/\/rezekne.citro.lv\/ru\/product\/rieksti-lazdu-lobiti-120g-alisco\/","title":{"rendered":"RIEKSTI LAZDU LOB\u012aTI 120G ALISCO"},"content":{"rendered":"<p>Izcelsmes valsts: Azerbaid\u017e\u0101na<\/p>\n","protected":false},"excerpt":{"rendered":"<p>29.92 \u20ac\/KG<\/p>\n","protected":false},"featured_media":42827,"template":"","meta":{"_acf_changed":false,"inline_featured_image":false},"product_cat":[125,202],"product_tag":[],"acf":[],"aioseo_notices":[],"_links":{"self":[{"href":"https:\/\/rezekne.citro.lv\/ru\/wp-json\/wp\/v2\/product\/42826"}],"collection":[{"href":"https:\/\/rezekne.citro.lv\/ru\/wp-json\/wp\/v2\/product"}],"about":[{"href":"https:\/\/rezekne.citro.lv\/ru\/wp-json\/wp\/v2\/types\/product"}],"wp:featuredmedia":[{"embeddable":true,"href":"https:\/\/rezekne.citro.lv\/ru\/wp-json\/wp\/v2\/media\/42827"}],"wp:attachment":[{"href":"https:\/\/rezekne.citro.lv\/ru\/wp-json\/wp\/v2\/media?parent=42826"}],"wp:term":[{"taxonomy":"product_cat","embeddable":true,"href":"https:\/\/rezekne.citro.lv\/ru\/wp-json\/wp\/v2\/product_cat?post=42826"},{"taxonomy":"product_tag","embeddable":true,"href":"https:\/\/rezekne.citro.lv\/ru\/wp-json\/wp\/v2\/product_tag?post=42826"}],"curies":[{"name":"wp","href":"https:\/\/api.w.org\/{rel}","templated":true}]}}