{"id":42841,"date":"2026-03-26T01:04:37","date_gmt":"2026-03-25T23:04:37","guid":{"rendered":"https:\/\/rezekne.citro.lv\/veikals\/batonins-sokolades-piena-ar-krema-brule-pildijumu-roshen-43g\/"},"modified":"2026-04-18T06:29:32","modified_gmt":"2026-04-18T03:29:32","slug":"sokolades-batonins-roshen-ar-krema-brule-pildijumu-43g","status":"publish","type":"product","link":"https:\/\/rezekne.citro.lv\/ru\/product\/sokolades-batonins-roshen-ar-krema-brule-pildijumu-43g\/","title":{"rendered":"\u0160OKOL\u0100DES BATONI\u0145\u0160 ROSHEN AR KR\u0112MA BRUL\u0112 PILD\u012aJUMU 43G"},"content":{"rendered":"<p>Izcelsmes valsts: Ukraina<\/p>\n","protected":false},"excerpt":{"rendered":"<p>15.12 \u20ac\/KG<\/p>\n","protected":false},"featured_media":26797,"template":"","meta":{"_acf_changed":false,"inline_featured_image":false},"product_cat":[125,134],"product_tag":[],"acf":[],"aioseo_notices":[],"_links":{"self":[{"href":"https:\/\/rezekne.citro.lv\/ru\/wp-json\/wp\/v2\/product\/42841"}],"collection":[{"href":"https:\/\/rezekne.citro.lv\/ru\/wp-json\/wp\/v2\/product"}],"about":[{"href":"https:\/\/rezekne.citro.lv\/ru\/wp-json\/wp\/v2\/types\/product"}],"wp:featuredmedia":[{"embeddable":true,"href":"https:\/\/rezekne.citro.lv\/ru\/wp-json\/wp\/v2\/media\/26797"}],"wp:attachment":[{"href":"https:\/\/rezekne.citro.lv\/ru\/wp-json\/wp\/v2\/media?parent=42841"}],"wp:term":[{"taxonomy":"product_cat","embeddable":true,"href":"https:\/\/rezekne.citro.lv\/ru\/wp-json\/wp\/v2\/product_cat?post=42841"},{"taxonomy":"product_tag","embeddable":true,"href":"https:\/\/rezekne.citro.lv\/ru\/wp-json\/wp\/v2\/product_tag?post=42841"}],"curies":[{"name":"wp","href":"https:\/\/api.w.org\/{rel}","templated":true}]}}