{"id":42988,"date":"2026-03-26T00:48:16","date_gmt":"2026-03-25T22:48:16","guid":{"rendered":"https:\/\/rezekne.citro.lv\/veikals\/sulas-dzeriens-frutto-auglu-darza-mix-1-5l\/"},"modified":"2026-04-03T12:01:04","modified_gmt":"2026-04-03T09:01:04","slug":"sulas-dzeriens-frutto-auglu-darza-mix-1-5l","status":"publish","type":"product","link":"https:\/\/rezekne.citro.lv\/ru\/product\/sulas-dzeriens-frutto-auglu-darza-mix-1-5l\/","title":{"rendered":"SULAS DZ\u0112RIENS FRUTTO AUG\u013bU D\u0100RZA MIX 1.5L"},"content":{"rendered":"<p>Izcelsmes valsts: Latvija<\/p>\n","protected":false},"excerpt":{"rendered":"<p>1.19 \u20ac\/L<\/p>\n","protected":false},"featured_media":43148,"template":"","meta":{"_acf_changed":false,"inline_featured_image":false},"product_cat":[106,124],"product_tag":[],"acf":[],"aioseo_notices":[],"_links":{"self":[{"href":"https:\/\/rezekne.citro.lv\/ru\/wp-json\/wp\/v2\/product\/42988"}],"collection":[{"href":"https:\/\/rezekne.citro.lv\/ru\/wp-json\/wp\/v2\/product"}],"about":[{"href":"https:\/\/rezekne.citro.lv\/ru\/wp-json\/wp\/v2\/types\/product"}],"wp:featuredmedia":[{"embeddable":true,"href":"https:\/\/rezekne.citro.lv\/ru\/wp-json\/wp\/v2\/media\/43148"}],"wp:attachment":[{"href":"https:\/\/rezekne.citro.lv\/ru\/wp-json\/wp\/v2\/media?parent=42988"}],"wp:term":[{"taxonomy":"product_cat","embeddable":true,"href":"https:\/\/rezekne.citro.lv\/ru\/wp-json\/wp\/v2\/product_cat?post=42988"},{"taxonomy":"product_tag","embeddable":true,"href":"https:\/\/rezekne.citro.lv\/ru\/wp-json\/wp\/v2\/product_tag?post=42988"}],"curies":[{"name":"wp","href":"https:\/\/api.w.org\/{rel}","templated":true}]}}