{"id":42991,"date":"2026-02-05T00:02:56","date_gmt":"2026-02-04T22:02:56","guid":{"rendered":"https:\/\/rezekne.citro.lv\/veikals\/olivella-e-v-riscossa-500ml\/"},"modified":"2026-03-24T06:12:03","modified_gmt":"2026-03-24T04:12:03","slug":"olivella-e-v-santolino-0-5l-stikla","status":"publish","type":"product","link":"https:\/\/rezekne.citro.lv\/ru\/product\/olivella-e-v-santolino-0-5l-stikla\/","title":{"rendered":"OL\u012aVE\u013b\u013bA E.V. SANTOLINO 0.5L STIKL\u0100"},"content":{"rendered":"<p>Izcelsmes valsts: It\u0101lija<\/p>\n","protected":false},"excerpt":{"rendered":"<p>15.58 \u20ac\/L<\/p>\n","protected":false},"featured_media":43118,"template":"","meta":{"_acf_changed":false,"inline_featured_image":false},"product_cat":[116,164],"product_tag":[],"acf":[],"aioseo_notices":[],"_links":{"self":[{"href":"https:\/\/rezekne.citro.lv\/ru\/wp-json\/wp\/v2\/product\/42991"}],"collection":[{"href":"https:\/\/rezekne.citro.lv\/ru\/wp-json\/wp\/v2\/product"}],"about":[{"href":"https:\/\/rezekne.citro.lv\/ru\/wp-json\/wp\/v2\/types\/product"}],"wp:featuredmedia":[{"embeddable":true,"href":"https:\/\/rezekne.citro.lv\/ru\/wp-json\/wp\/v2\/media\/43118"}],"wp:attachment":[{"href":"https:\/\/rezekne.citro.lv\/ru\/wp-json\/wp\/v2\/media?parent=42991"}],"wp:term":[{"taxonomy":"product_cat","embeddable":true,"href":"https:\/\/rezekne.citro.lv\/ru\/wp-json\/wp\/v2\/product_cat?post=42991"},{"taxonomy":"product_tag","embeddable":true,"href":"https:\/\/rezekne.citro.lv\/ru\/wp-json\/wp\/v2\/product_tag?post=42991"}],"curies":[{"name":"wp","href":"https:\/\/api.w.org\/{rel}","templated":true}]}}