{"id":43315,"date":"2026-03-12T00:06:38","date_gmt":"2026-03-11T22:06:38","guid":{"rendered":"https:\/\/rezekne.citro.lv\/?post_type=product&#038;p=43315"},"modified":"2026-03-19T06:04:28","modified_gmt":"2026-03-19T04:04:28","slug":"konfektes-vaverite-laima-kg","status":"publish","type":"product","link":"https:\/\/rezekne.citro.lv\/ru\/product\/konfektes-vaverite-laima-kg\/","title":{"rendered":"KONFEKTES V\u0100VER\u012aTE LAIMA KG"},"content":{"rendered":"<p>Izcelsmes valsts: Latvija<br \/>Sast\u0101vs:cukurs,lazdu rieksti20%,kakao masa,mandeles,kakao sviests,emulgatori(amonija fosfat\u012bdi,poligricer\u012bna poliricinole\u0101ts),aromatiz\u0113t\u0101js.Var satur\u0113t piena,kvie\u0161u lipek\u013ca,zemesriekstu da\u013ci\u0146as.<\/p>\n","protected":false},"excerpt":{"rendered":"<p>17.99 \u20ac\/KG<\/p>\n","protected":false},"featured_media":43316,"template":"","meta":{"_acf_changed":false,"inline_featured_image":false},"product_cat":[125,201],"product_tag":[],"acf":[],"aioseo_notices":[],"_links":{"self":[{"href":"https:\/\/rezekne.citro.lv\/ru\/wp-json\/wp\/v2\/product\/43315"}],"collection":[{"href":"https:\/\/rezekne.citro.lv\/ru\/wp-json\/wp\/v2\/product"}],"about":[{"href":"https:\/\/rezekne.citro.lv\/ru\/wp-json\/wp\/v2\/types\/product"}],"wp:featuredmedia":[{"embeddable":true,"href":"https:\/\/rezekne.citro.lv\/ru\/wp-json\/wp\/v2\/media\/43316"}],"wp:attachment":[{"href":"https:\/\/rezekne.citro.lv\/ru\/wp-json\/wp\/v2\/media?parent=43315"}],"wp:term":[{"taxonomy":"product_cat","embeddable":true,"href":"https:\/\/rezekne.citro.lv\/ru\/wp-json\/wp\/v2\/product_cat?post=43315"},{"taxonomy":"product_tag","embeddable":true,"href":"https:\/\/rezekne.citro.lv\/ru\/wp-json\/wp\/v2\/product_tag?post=43315"}],"curies":[{"name":"wp","href":"https:\/\/api.w.org\/{rel}","templated":true}]}}