{"id":43319,"date":"2026-03-26T00:46:02","date_gmt":"2026-03-25T22:46:02","guid":{"rendered":"https:\/\/rezekne.citro.lv\/?post_type=product&#038;p=43319"},"modified":"2026-03-26T00:46:03","modified_gmt":"2026-03-25T22:46:03","slug":"konfektes-vetrasputns-laima-kg","status":"publish","type":"product","link":"https:\/\/rezekne.citro.lv\/ru\/product\/konfektes-vetrasputns-laima-kg\/","title":{"rendered":"KONFEKTES V\u0112TRASPUTNS LAIMA KG"},"content":{"rendered":"<p>Izcelsmes valsts: Igaunija<br \/>Sast\u0101vs: cukurs, iebiezinats PIENS ar cukuru, \u016bdens, glikozes s\u012brups,kakao sviests,spirts, kakao pulveris, kakao masa,emulgatori(amonija fosfat\u012bdi,poliglicer\u012bna pol.),aromatiz\u0113t\u0101ji. Var satur\u0113t RIEKSTU da\u013cas.Kakao sat\u016brs \u0161okol\u0101d\u0113 nav maz\u0101ks par 39%.<\/p>\n","protected":false},"excerpt":{"rendered":"<p>17.99 \u20ac\/KG<\/p>\n","protected":false},"featured_media":43320,"template":"","meta":{"_acf_changed":false,"inline_featured_image":false},"product_cat":[125,201],"product_tag":[],"acf":[],"aioseo_notices":[],"_links":{"self":[{"href":"https:\/\/rezekne.citro.lv\/ru\/wp-json\/wp\/v2\/product\/43319"}],"collection":[{"href":"https:\/\/rezekne.citro.lv\/ru\/wp-json\/wp\/v2\/product"}],"about":[{"href":"https:\/\/rezekne.citro.lv\/ru\/wp-json\/wp\/v2\/types\/product"}],"wp:featuredmedia":[{"embeddable":true,"href":"https:\/\/rezekne.citro.lv\/ru\/wp-json\/wp\/v2\/media\/43320"}],"wp:attachment":[{"href":"https:\/\/rezekne.citro.lv\/ru\/wp-json\/wp\/v2\/media?parent=43319"}],"wp:term":[{"taxonomy":"product_cat","embeddable":true,"href":"https:\/\/rezekne.citro.lv\/ru\/wp-json\/wp\/v2\/product_cat?post=43319"},{"taxonomy":"product_tag","embeddable":true,"href":"https:\/\/rezekne.citro.lv\/ru\/wp-json\/wp\/v2\/product_tag?post=43319"}],"curies":[{"name":"wp","href":"https:\/\/api.w.org\/{rel}","templated":true}]}}