{"id":43412,"date":"2025-12-16T00:02:02","date_gmt":"2025-12-15T22:02:02","guid":{"rendered":"https:\/\/rezekne.citro.lv\/veikals\/kaposti-skabeti-ar-burkaniem-ezerkaulini-800g\/"},"modified":"2026-04-17T12:04:07","modified_gmt":"2026-04-17T09:04:07","slug":"skabeti-kaposti-ar-burkaniem-ezerkaulini-800g-pacina","status":"publish","type":"product","link":"https:\/\/rezekne.citro.lv\/ru\/product\/skabeti-kaposti-ar-burkaniem-ezerkaulini-800g-pacina\/","title":{"rendered":"SK\u0100B\u0112TI K\u0100POSTI AR BURK\u0100NIEM EZERKAULI\u0145I 800G PACI\u0145\u0100"},"content":{"rendered":"<p>Izcelsmes valsts: Latvija<\/p>\n","protected":false},"excerpt":{"rendered":"<p>2.49 \u20ac\/KG<\/p>\n","protected":false},"featured_media":79890,"template":"","meta":{"_acf_changed":false,"inline_featured_image":false},"product_cat":[97,159],"product_tag":[],"acf":[],"aioseo_notices":[],"_links":{"self":[{"href":"https:\/\/rezekne.citro.lv\/ru\/wp-json\/wp\/v2\/product\/43412"}],"collection":[{"href":"https:\/\/rezekne.citro.lv\/ru\/wp-json\/wp\/v2\/product"}],"about":[{"href":"https:\/\/rezekne.citro.lv\/ru\/wp-json\/wp\/v2\/types\/product"}],"wp:featuredmedia":[{"embeddable":true,"href":"https:\/\/rezekne.citro.lv\/ru\/wp-json\/wp\/v2\/media\/79890"}],"wp:attachment":[{"href":"https:\/\/rezekne.citro.lv\/ru\/wp-json\/wp\/v2\/media?parent=43412"}],"wp:term":[{"taxonomy":"product_cat","embeddable":true,"href":"https:\/\/rezekne.citro.lv\/ru\/wp-json\/wp\/v2\/product_cat?post=43412"},{"taxonomy":"product_tag","embeddable":true,"href":"https:\/\/rezekne.citro.lv\/ru\/wp-json\/wp\/v2\/product_tag?post=43412"}],"curies":[{"name":"wp","href":"https:\/\/api.w.org\/{rel}","templated":true}]}}