{"id":43534,"date":"2026-05-07T00:15:21","date_gmt":"2026-05-06T21:15:21","guid":{"rendered":"https:\/\/rezekne.citro.lv\/veikals\/pilu-aknu-pastete-200g\/"},"modified":"2026-05-15T06:25:38","modified_gmt":"2026-05-15T03:25:38","slug":"pastete-pilu-aknu-noo-cepeskungs-200g","status":"publish","type":"product","link":"https:\/\/rezekne.citro.lv\/ru\/product\/pastete-pilu-aknu-noo-cepeskungs-200g\/","title":{"rendered":"PAST\u0112TE P\u012a\u013bU AKNU NOO CEPE\u0160KUNGS 200G"},"content":{"rendered":"<p>Izcelsmes valsts: Igaunija<\/p>\n","protected":false},"excerpt":{"rendered":"<p>7.45 \u20ac\/KG<\/p>\n","protected":false},"featured_media":93116,"template":"","meta":{"_acf_changed":false,"inline_featured_image":false},"product_cat":[135,174],"product_tag":[],"acf":[],"aioseo_notices":[],"_links":{"self":[{"href":"https:\/\/rezekne.citro.lv\/ru\/wp-json\/wp\/v2\/product\/43534"}],"collection":[{"href":"https:\/\/rezekne.citro.lv\/ru\/wp-json\/wp\/v2\/product"}],"about":[{"href":"https:\/\/rezekne.citro.lv\/ru\/wp-json\/wp\/v2\/types\/product"}],"wp:featuredmedia":[{"embeddable":true,"href":"https:\/\/rezekne.citro.lv\/ru\/wp-json\/wp\/v2\/media\/93116"}],"wp:attachment":[{"href":"https:\/\/rezekne.citro.lv\/ru\/wp-json\/wp\/v2\/media?parent=43534"}],"wp:term":[{"taxonomy":"product_cat","embeddable":true,"href":"https:\/\/rezekne.citro.lv\/ru\/wp-json\/wp\/v2\/product_cat?post=43534"},{"taxonomy":"product_tag","embeddable":true,"href":"https:\/\/rezekne.citro.lv\/ru\/wp-json\/wp\/v2\/product_tag?post=43534"}],"curies":[{"name":"wp","href":"https:\/\/api.w.org\/{rel}","templated":true}]}}