{"id":43570,"date":"2026-03-19T00:03:11","date_gmt":"2026-03-18T22:03:11","guid":{"rendered":"https:\/\/rezekne.citro.lv\/veikals\/konfektes-led-chch-the-best-of-mais-12g-x10gb\/"},"modified":"2026-04-22T06:41:45","modified_gmt":"2026-04-22T03:41:45","slug":"konfektes-ledenes-chupa-chups-the-best-of-maisina-10x12g","status":"publish","type":"product","link":"https:\/\/rezekne.citro.lv\/ru\/product\/konfektes-ledenes-chupa-chups-the-best-of-maisina-10x12g\/","title":{"rendered":"KONFEKTES LEDENES CHUPA CHUPS THE BEST OF MAISI\u0145\u0100 10X12G"},"content":{"rendered":"<p>Izcelsmes valsts: Sp\u0101nija<\/p>\n","protected":false},"excerpt":{"rendered":"<p>14.92 \u20ac\/KG<\/p>\n","protected":false},"featured_media":43571,"template":"","meta":{"_acf_changed":false,"inline_featured_image":false},"product_cat":[125,201],"product_tag":[],"acf":[],"aioseo_notices":[],"_links":{"self":[{"href":"https:\/\/rezekne.citro.lv\/ru\/wp-json\/wp\/v2\/product\/43570"}],"collection":[{"href":"https:\/\/rezekne.citro.lv\/ru\/wp-json\/wp\/v2\/product"}],"about":[{"href":"https:\/\/rezekne.citro.lv\/ru\/wp-json\/wp\/v2\/types\/product"}],"wp:featuredmedia":[{"embeddable":true,"href":"https:\/\/rezekne.citro.lv\/ru\/wp-json\/wp\/v2\/media\/43571"}],"wp:attachment":[{"href":"https:\/\/rezekne.citro.lv\/ru\/wp-json\/wp\/v2\/media?parent=43570"}],"wp:term":[{"taxonomy":"product_cat","embeddable":true,"href":"https:\/\/rezekne.citro.lv\/ru\/wp-json\/wp\/v2\/product_cat?post=43570"},{"taxonomy":"product_tag","embeddable":true,"href":"https:\/\/rezekne.citro.lv\/ru\/wp-json\/wp\/v2\/product_tag?post=43570"}],"curies":[{"name":"wp","href":"https:\/\/api.w.org\/{rel}","templated":true}]}}