{"id":43582,"date":"2026-04-23T01:31:01","date_gmt":"2026-04-22T22:31:01","guid":{"rendered":"https:\/\/rezekne.citro.lv\/veikals\/konfektes-fini-gumijas-zobini-90g\/"},"modified":"2026-04-28T06:13:26","modified_gmt":"2026-04-28T03:13:26","slug":"zelejkonf-fini-zobini-90g","status":"publish","type":"product","link":"https:\/\/rezekne.citro.lv\/ru\/product\/zelejkonf-fini-zobini-90g\/","title":{"rendered":"\u017dELEJKONF. FINI ZOBI\u0145I 90G"},"content":{"rendered":"<p>Izcelsmes valsts: Sp\u0101nija<\/p>\n","protected":false},"excerpt":{"rendered":"<p>11.00 \u20ac\/KG<\/p>\n","protected":false},"featured_media":29610,"template":"","meta":{"_acf_changed":false,"inline_featured_image":false},"product_cat":[125,201],"product_tag":[],"acf":[],"aioseo_notices":[],"_links":{"self":[{"href":"https:\/\/rezekne.citro.lv\/ru\/wp-json\/wp\/v2\/product\/43582"}],"collection":[{"href":"https:\/\/rezekne.citro.lv\/ru\/wp-json\/wp\/v2\/product"}],"about":[{"href":"https:\/\/rezekne.citro.lv\/ru\/wp-json\/wp\/v2\/types\/product"}],"wp:featuredmedia":[{"embeddable":true,"href":"https:\/\/rezekne.citro.lv\/ru\/wp-json\/wp\/v2\/media\/29610"}],"wp:attachment":[{"href":"https:\/\/rezekne.citro.lv\/ru\/wp-json\/wp\/v2\/media?parent=43582"}],"wp:term":[{"taxonomy":"product_cat","embeddable":true,"href":"https:\/\/rezekne.citro.lv\/ru\/wp-json\/wp\/v2\/product_cat?post=43582"},{"taxonomy":"product_tag","embeddable":true,"href":"https:\/\/rezekne.citro.lv\/ru\/wp-json\/wp\/v2\/product_tag?post=43582"}],"curies":[{"name":"wp","href":"https:\/\/api.w.org\/{rel}","templated":true}]}}