{"id":43654,"date":"2026-03-12T00:06:29","date_gmt":"2026-03-11T22:06:29","guid":{"rendered":"https:\/\/rezekne.citro.lv\/veikals\/salati-rasols-ar-desu-citro-sver\/"},"modified":"2026-03-12T06:10:19","modified_gmt":"2026-03-12T04:10:19","slug":"salati-rasols-ar-desu-citro-sver","status":"publish","type":"product","link":"https:\/\/rezekne.citro.lv\/ru\/product\/salati-rasols-ar-desu-citro-sver\/","title":{"rendered":"SAL\u0100TI RASOLS AR DESU CITRO SVER."},"content":{"rendered":"<p>Izcelsmes valsts: Latvija<br \/>Satur saldin\u0101t\u0101ju.Sast\u0101vda\u013cas: kartupe\u013ci majon\u0113ze ((saulespu\u0137u e\u013c\u013ca , dzeramais \u016bdens,cukurs,  OLU dzeltenums, v\u0101r\u0101m\u0101 s\u0101ls,emulgators(ciete), sk\u0101buma regul\u0113t\u0101ji (eti\u0137sk\u0101be, citronsk\u0101be),dabiskas izcelsmes stabilizatori(ksant\u0101na sve\u0137i), konservants (k\u0101lija sorb\u0101ts), aromatiz\u0113t\u0101js SINEPES, antioksidants(E385), dabig\u0101 kr\u0101sviela (B- karot\u012bns)): desa v\u0101r\u012bta 19%((meh\u0101niski atdal\u012bta vistas ga\u013ca, dzeramais \u016bdens, vistu \u0101das, c\u016bku \u0101das, kartupe\u013cu ciete, s\u0101ls, stabiliz\u0113t\u0101js E451, gar\u0161as pastiprin\u0101t\u0101jsE 621, antioksidants E300, gar\u0161vielu ekstrakti,biezin\u0101t\u0101ji E412,E415,E407a, dekstroze,aromatiz\u0113t\u0101js, konservants E 250, kr\u0101sviela E 120.Ra\u017eots uz\u0146\u0113mum\u0101, kur\u0101 tiek izmantoti alerg\u0113ni(GLUT\u0112NS, OLAS, SOJA,PIENS, SELERIJAS, SINEPES, RIEKSTI)):  OLAS: za\u013cie zirn\u012b\u0161i (zalie zirn\u012b\u0161i(70%) , \u016bdens, s\u0101ls, cukurs): gur\u0137i marin\u0113ti ar saldin\u0101t\u0101ju  (gur\u0137i, \u016bdens,  eti\u0137is, s\u0101ls, gar\u0161vielu ekstrakts satur SINEPES,  saldin\u0101t\u0101js sahar\u012bnsE954): sinepes((\u016bdens, SINEPJU pulveris (25.5%), cukurs, rap\u0161u e\u013c\u013ca, sk\u0101buma regul\u0113t\u0101js(eti\u0137sk\u0101be), s\u0101ls, citrusaug\u013cu \u0161\u0137iedra, gar\u0161vielas)): s\u0101ls:gar\u0161vielas.Uzglab\u0101\u0161anas temperat\u016bra,+2-+6C Inform\u0101cija par uzturv\u0113rt\u012bbu : 100 g produkta satur: ener\u0123\u0113tisk\u0101 v\u0113rt\u012bba 821 kJ \/ 198kcal; tauki 16.1g, tostarp pies\u0101tin\u0101t\u0101s tauksk\u0101bes 2.4g; og\u013chidr\u0101ti 8g, tostarp cukuri 1.2g; \u0161\u0137iedrvielas 1.4g; olbaltumvielas 4.6g; s\u0101ls 1g.Ra\u017eot\u0101js: SIA Lekon, Varo\u0146u iela 36b, R\u0113zekne<\/p>\n","protected":false},"excerpt":{"rendered":"<p>5.69 \u20ac\/KG<\/p>\n","protected":false},"featured_media":51029,"template":"","meta":{"_acf_changed":false,"inline_featured_image":false},"product_cat":[113,212],"product_tag":[],"acf":[],"aioseo_notices":[],"_links":{"self":[{"href":"https:\/\/rezekne.citro.lv\/ru\/wp-json\/wp\/v2\/product\/43654"}],"collection":[{"href":"https:\/\/rezekne.citro.lv\/ru\/wp-json\/wp\/v2\/product"}],"about":[{"href":"https:\/\/rezekne.citro.lv\/ru\/wp-json\/wp\/v2\/types\/product"}],"wp:featuredmedia":[{"embeddable":true,"href":"https:\/\/rezekne.citro.lv\/ru\/wp-json\/wp\/v2\/media\/51029"}],"wp:attachment":[{"href":"https:\/\/rezekne.citro.lv\/ru\/wp-json\/wp\/v2\/media?parent=43654"}],"wp:term":[{"taxonomy":"product_cat","embeddable":true,"href":"https:\/\/rezekne.citro.lv\/ru\/wp-json\/wp\/v2\/product_cat?post=43654"},{"taxonomy":"product_tag","embeddable":true,"href":"https:\/\/rezekne.citro.lv\/ru\/wp-json\/wp\/v2\/product_tag?post=43654"}],"curies":[{"name":"wp","href":"https:\/\/api.w.org\/{rel}","templated":true}]}}