{"id":43678,"date":"2026-04-01T00:03:39","date_gmt":"2026-03-31T21:03:39","guid":{"rendered":"https:\/\/rezekne.citro.lv\/veikals\/dzeriens-kirsu-abolu-tymbark-2l\/"},"modified":"2026-05-03T06:27:49","modified_gmt":"2026-05-03T03:27:49","slug":"dzeriens-tymbark-kirsu-abolu-2l","status":"publish","type":"product","link":"https:\/\/rezekne.citro.lv\/ru\/product\/dzeriens-tymbark-kirsu-abolu-2l\/","title":{"rendered":"DZ\u0112RIENS TYMBARK \u0136IR\u0160U-\u0100BOLU 2L"},"content":{"rendered":"<p>Izcelsmes valsts: Polija<\/p>\n","protected":false},"excerpt":{"rendered":"<p>1.40 \u20ac\/L<\/p>\n","protected":false},"featured_media":69424,"template":"","meta":{"_acf_changed":false,"inline_featured_image":false},"product_cat":[106,124],"product_tag":[],"acf":[],"aioseo_notices":[],"_links":{"self":[{"href":"https:\/\/rezekne.citro.lv\/ru\/wp-json\/wp\/v2\/product\/43678"}],"collection":[{"href":"https:\/\/rezekne.citro.lv\/ru\/wp-json\/wp\/v2\/product"}],"about":[{"href":"https:\/\/rezekne.citro.lv\/ru\/wp-json\/wp\/v2\/types\/product"}],"wp:featuredmedia":[{"embeddable":true,"href":"https:\/\/rezekne.citro.lv\/ru\/wp-json\/wp\/v2\/media\/69424"}],"wp:attachment":[{"href":"https:\/\/rezekne.citro.lv\/ru\/wp-json\/wp\/v2\/media?parent=43678"}],"wp:term":[{"taxonomy":"product_cat","embeddable":true,"href":"https:\/\/rezekne.citro.lv\/ru\/wp-json\/wp\/v2\/product_cat?post=43678"},{"taxonomy":"product_tag","embeddable":true,"href":"https:\/\/rezekne.citro.lv\/ru\/wp-json\/wp\/v2\/product_tag?post=43678"}],"curies":[{"name":"wp","href":"https:\/\/api.w.org\/{rel}","templated":true}]}}