{"id":43682,"date":"2026-01-06T00:02:17","date_gmt":"2026-01-05T22:02:17","guid":{"rendered":"https:\/\/rezekne.citro.lv\/veikals\/calu-skinki-atk-ipasa-gardezu-marinade-500g\/"},"modified":"2026-01-06T06:10:25","modified_gmt":"2026-01-06T04:10:25","slug":"cala-skinki-atkauloti-ipasa-gardezu-marinade-500g-kekavaspf","status":"publish","type":"product","link":"https:\/\/rezekne.citro.lv\/ru\/product\/cala-skinki-atkauloti-ipasa-gardezu-marinade-500g-kekavaspf\/","title":{"rendered":"C\u0100\u013bA \u0160\u0136I\u0145\u0136I ATKAULOTI \u012aPA\u0160\u0100 GARD\u0112\u017dU MARIN\u0100D\u0112 500G \u0136EKAVASPF"},"content":{"rendered":"<p>Izcelsmes valsts: Latvija<\/p>\n","protected":false},"excerpt":{"rendered":"<p>11.78 \u20ac\/KG<\/p>\n","protected":false},"featured_media":43683,"template":"","meta":{"_acf_changed":false,"inline_featured_image":false},"product_cat":[135,182],"product_tag":[],"acf":[],"aioseo_notices":[],"_links":{"self":[{"href":"https:\/\/rezekne.citro.lv\/ru\/wp-json\/wp\/v2\/product\/43682"}],"collection":[{"href":"https:\/\/rezekne.citro.lv\/ru\/wp-json\/wp\/v2\/product"}],"about":[{"href":"https:\/\/rezekne.citro.lv\/ru\/wp-json\/wp\/v2\/types\/product"}],"wp:featuredmedia":[{"embeddable":true,"href":"https:\/\/rezekne.citro.lv\/ru\/wp-json\/wp\/v2\/media\/43683"}],"wp:attachment":[{"href":"https:\/\/rezekne.citro.lv\/ru\/wp-json\/wp\/v2\/media?parent=43682"}],"wp:term":[{"taxonomy":"product_cat","embeddable":true,"href":"https:\/\/rezekne.citro.lv\/ru\/wp-json\/wp\/v2\/product_cat?post=43682"},{"taxonomy":"product_tag","embeddable":true,"href":"https:\/\/rezekne.citro.lv\/ru\/wp-json\/wp\/v2\/product_tag?post=43682"}],"curies":[{"name":"wp","href":"https:\/\/api.w.org\/{rel}","templated":true}]}}