{"id":43795,"date":"2026-02-03T00:01:23","date_gmt":"2026-02-02T22:01:23","guid":{"rendered":"https:\/\/rezekne.citro.lv\/?post_type=product&#038;p=43795"},"modified":"2026-04-06T06:04:02","modified_gmt":"2026-04-06T03:04:02","slug":"cukgalas-karbonade-120g","status":"publish","type":"product","link":"https:\/\/rezekne.citro.lv\/ru\/product\/cukgalas-karbonade-120g\/","title":{"rendered":"C\u016aKGA\u013bAS KARBON\u0100DE 120G"},"content":{"rendered":"<p>Izcelsmes valsts: Latvija<br \/>  Sast\u0101vda\u013cas: c\u016bkga\u013cas karbon\u0101de 70.5%; OLAS; rafin\u0113ta saulespu\u0137u  e\u013c\u013ca;  KVIE\u0160U MILTI: majon\u0113ze ((rap\u0161u e\u013c\u013ca , \u016bdens, OLU pulveris, V\u0100JPIENA  pulveris, cukurs, s\u0101ls, sk\u0101buma regul\u0113t\u0101ji (eti\u0137sk\u0101be, citronsk\u0101be), konservants (k\u0101lija sorb\u0101ts), biezin\u0101t\u0101ji(modific\u0113ta ciete,gu\u0101ra sve\u0137i, ksant\u0101na sve\u0137i)): s\u0101ls, gar\u0161vielas.Uzglab\u0101\u0161anas temperat\u016bra,+2-+6C  Inform\u0101cija par uzturv\u0113rt\u012bbu : 100 g produkta satur: ener\u0123\u0113tisk\u0101 v\u0113rt\u012bba 991 kJ \/ 238kcal; tauki 16.8g, tostarp pies\u0101tin\u0101t\u0101s tauksk\u0101bes 3.9g; og\u013chidr\u0101ti 4.5g, tostarp cukuri 0.2g; \u0161\u0137iedrvielas 0.3g; olbaltumvielas 17.1g; s\u0101ls 0.9g. Ra\u017eot\u0101js: SIA LEKON, Varo\u0146u iela 36b, R\u0113zekne<\/p>\n","protected":false},"excerpt":{"rendered":"<p>13.17 \u20ac\/KG<\/p>\n","protected":false},"featured_media":43809,"template":"","meta":{"_acf_changed":false,"inline_featured_image":false},"product_cat":[113,566,114],"product_tag":[],"acf":[],"aioseo_notices":[],"_links":{"self":[{"href":"https:\/\/rezekne.citro.lv\/ru\/wp-json\/wp\/v2\/product\/43795"}],"collection":[{"href":"https:\/\/rezekne.citro.lv\/ru\/wp-json\/wp\/v2\/product"}],"about":[{"href":"https:\/\/rezekne.citro.lv\/ru\/wp-json\/wp\/v2\/types\/product"}],"wp:featuredmedia":[{"embeddable":true,"href":"https:\/\/rezekne.citro.lv\/ru\/wp-json\/wp\/v2\/media\/43809"}],"wp:attachment":[{"href":"https:\/\/rezekne.citro.lv\/ru\/wp-json\/wp\/v2\/media?parent=43795"}],"wp:term":[{"taxonomy":"product_cat","embeddable":true,"href":"https:\/\/rezekne.citro.lv\/ru\/wp-json\/wp\/v2\/product_cat?post=43795"},{"taxonomy":"product_tag","embeddable":true,"href":"https:\/\/rezekne.citro.lv\/ru\/wp-json\/wp\/v2\/product_tag?post=43795"}],"curies":[{"name":"wp","href":"https:\/\/api.w.org\/{rel}","templated":true}]}}