{"id":43971,"date":"2023-02-15T00:12:11","date_gmt":"2023-02-14T22:12:11","guid":{"rendered":"https:\/\/rezekne.citro.lv\/?post_type=product&#038;p=43971"},"modified":"2024-08-13T06:56:03","modified_gmt":"2024-08-13T03:56:03","slug":"sviests-salits-81-kraslavasp-200g","status":"publish","type":"product","link":"https:\/\/rezekne.citro.lv\/ru\/product\/sviests-salits-81-kraslavasp-200g\/","title":{"rendered":"SVIESTS S\u0100L\u012aTS 81% KR\u0100SLAVASP 200G"},"content":{"rendered":"","protected":false},"excerpt":{"rendered":"<p>11.95 \u20ac\/KG<\/p>\n","protected":false},"featured_media":43973,"template":"","meta":{"_acf_changed":false,"inline_featured_image":false},"product_cat":[95,152],"product_tag":[],"acf":[],"aioseo_notices":[],"_links":{"self":[{"href":"https:\/\/rezekne.citro.lv\/ru\/wp-json\/wp\/v2\/product\/43971"}],"collection":[{"href":"https:\/\/rezekne.citro.lv\/ru\/wp-json\/wp\/v2\/product"}],"about":[{"href":"https:\/\/rezekne.citro.lv\/ru\/wp-json\/wp\/v2\/types\/product"}],"wp:featuredmedia":[{"embeddable":true,"href":"https:\/\/rezekne.citro.lv\/ru\/wp-json\/wp\/v2\/media\/43973"}],"wp:attachment":[{"href":"https:\/\/rezekne.citro.lv\/ru\/wp-json\/wp\/v2\/media?parent=43971"}],"wp:term":[{"taxonomy":"product_cat","embeddable":true,"href":"https:\/\/rezekne.citro.lv\/ru\/wp-json\/wp\/v2\/product_cat?post=43971"},{"taxonomy":"product_tag","embeddable":true,"href":"https:\/\/rezekne.citro.lv\/ru\/wp-json\/wp\/v2\/product_tag?post=43971"}],"curies":[{"name":"wp","href":"https:\/\/api.w.org\/{rel}","templated":true}]}}