{"id":44130,"date":"2026-02-26T01:01:05","date_gmt":"2026-02-25T23:01:05","guid":{"rendered":"https:\/\/rezekne.citro.lv\/veikals\/auzu-parslu-biezputra-axa-atri-pagatavojama-ar-krejumu-un-zemenem-40g\/"},"modified":"2026-04-18T06:29:31","modified_gmt":"2026-04-18T03:29:31","slug":"putra-auzu-parslu-axa-ar-krejumu-un-zemenem-40g","status":"publish","type":"product","link":"https:\/\/rezekne.citro.lv\/ru\/product\/putra-auzu-parslu-axa-ar-krejumu-un-zemenem-40g\/","title":{"rendered":"PUTRA AUZU P\u0100RSLU AXA AR KR\u0112JUMU UN ZEMEN\u0112M 40G"},"content":{"rendered":"<p>Izcelsmes valsts: Ukraina<\/p>\n","protected":false},"excerpt":{"rendered":"<p>12.25 \u20ac\/KG<\/p>\n","protected":false},"featured_media":44131,"template":"","meta":{"_acf_changed":false,"inline_featured_image":false},"product_cat":[118,123],"product_tag":[],"acf":[],"aioseo_notices":[],"_links":{"self":[{"href":"https:\/\/rezekne.citro.lv\/ru\/wp-json\/wp\/v2\/product\/44130"}],"collection":[{"href":"https:\/\/rezekne.citro.lv\/ru\/wp-json\/wp\/v2\/product"}],"about":[{"href":"https:\/\/rezekne.citro.lv\/ru\/wp-json\/wp\/v2\/types\/product"}],"wp:featuredmedia":[{"embeddable":true,"href":"https:\/\/rezekne.citro.lv\/ru\/wp-json\/wp\/v2\/media\/44131"}],"wp:attachment":[{"href":"https:\/\/rezekne.citro.lv\/ru\/wp-json\/wp\/v2\/media?parent=44130"}],"wp:term":[{"taxonomy":"product_cat","embeddable":true,"href":"https:\/\/rezekne.citro.lv\/ru\/wp-json\/wp\/v2\/product_cat?post=44130"},{"taxonomy":"product_tag","embeddable":true,"href":"https:\/\/rezekne.citro.lv\/ru\/wp-json\/wp\/v2\/product_tag?post=44130"}],"curies":[{"name":"wp","href":"https:\/\/api.w.org\/{rel}","templated":true}]}}