{"id":44134,"date":"2026-02-26T01:01:05","date_gmt":"2026-02-25T23:01:05","guid":{"rendered":"https:\/\/rezekne.citro.lv\/veikals\/auzu-parslu-biezputra-axa-atri-pagatavojama-ar-krejumu-avenem-kazenem-40g\/"},"modified":"2026-05-11T06:12:07","modified_gmt":"2026-05-11T03:12:07","slug":"putra-auzu-parslu-axa-ar-krejumu-avenem-un-kazenem-40g","status":"publish","type":"product","link":"https:\/\/rezekne.citro.lv\/ru\/product\/putra-auzu-parslu-axa-ar-krejumu-avenem-un-kazenem-40g\/","title":{"rendered":"PUTRA AUZU P\u0100RSLU AXA AR KR\u0112JUMU, AVEN\u0112M UN KAZEN\u0112M 40G"},"content":{"rendered":"<p>Izcelsmes valsts: Ukraina<\/p>\n","protected":false},"excerpt":{"rendered":"<p>12.25 \u20ac\/KG<\/p>\n","protected":false},"featured_media":72696,"template":"","meta":{"_acf_changed":false,"inline_featured_image":false},"product_cat":[118,123],"product_tag":[],"acf":[],"aioseo_notices":[],"_links":{"self":[{"href":"https:\/\/rezekne.citro.lv\/ru\/wp-json\/wp\/v2\/product\/44134"}],"collection":[{"href":"https:\/\/rezekne.citro.lv\/ru\/wp-json\/wp\/v2\/product"}],"about":[{"href":"https:\/\/rezekne.citro.lv\/ru\/wp-json\/wp\/v2\/types\/product"}],"wp:featuredmedia":[{"embeddable":true,"href":"https:\/\/rezekne.citro.lv\/ru\/wp-json\/wp\/v2\/media\/72696"}],"wp:attachment":[{"href":"https:\/\/rezekne.citro.lv\/ru\/wp-json\/wp\/v2\/media?parent=44134"}],"wp:term":[{"taxonomy":"product_cat","embeddable":true,"href":"https:\/\/rezekne.citro.lv\/ru\/wp-json\/wp\/v2\/product_cat?post=44134"},{"taxonomy":"product_tag","embeddable":true,"href":"https:\/\/rezekne.citro.lv\/ru\/wp-json\/wp\/v2\/product_tag?post=44134"}],"curies":[{"name":"wp","href":"https:\/\/api.w.org\/{rel}","templated":true}]}}