{"id":44188,"date":"2026-03-26T00:48:01","date_gmt":"2026-03-25T22:48:01","guid":{"rendered":"https:\/\/rezekne.citro.lv\/veikals\/majoneze-duo-ar-grauzdetu-sipolu-250g\/"},"modified":"2026-04-11T06:27:16","modified_gmt":"2026-04-11T03:27:16","slug":"majoneze-grauzdetu-sipolu-duo-spilva-250g","status":"publish","type":"product","link":"https:\/\/rezekne.citro.lv\/ru\/product\/majoneze-grauzdetu-sipolu-duo-spilva-250g\/","title":{"rendered":"MAJON\u0112ZE GRAUZD\u0112TU S\u012aPOLU DUO SPILVA 250G"},"content":{"rendered":"<p>Izcelsmes valsts: Latvija<\/p>\n","protected":false},"excerpt":{"rendered":"<p>7.16 \u20ac\/KG<\/p>\n","protected":false},"featured_media":44189,"template":"","meta":{"_acf_changed":false,"inline_featured_image":false},"product_cat":[95,147],"product_tag":[],"acf":[],"aioseo_notices":[],"_links":{"self":[{"href":"https:\/\/rezekne.citro.lv\/ru\/wp-json\/wp\/v2\/product\/44188"}],"collection":[{"href":"https:\/\/rezekne.citro.lv\/ru\/wp-json\/wp\/v2\/product"}],"about":[{"href":"https:\/\/rezekne.citro.lv\/ru\/wp-json\/wp\/v2\/types\/product"}],"wp:featuredmedia":[{"embeddable":true,"href":"https:\/\/rezekne.citro.lv\/ru\/wp-json\/wp\/v2\/media\/44189"}],"wp:attachment":[{"href":"https:\/\/rezekne.citro.lv\/ru\/wp-json\/wp\/v2\/media?parent=44188"}],"wp:term":[{"taxonomy":"product_cat","embeddable":true,"href":"https:\/\/rezekne.citro.lv\/ru\/wp-json\/wp\/v2\/product_cat?post=44188"},{"taxonomy":"product_tag","embeddable":true,"href":"https:\/\/rezekne.citro.lv\/ru\/wp-json\/wp\/v2\/product_tag?post=44188"}],"curies":[{"name":"wp","href":"https:\/\/api.w.org\/{rel}","templated":true}]}}