{"id":44349,"date":"2026-03-26T00:47:32","date_gmt":"2026-03-25T22:47:32","guid":{"rendered":"https:\/\/rezekne.citro.lv\/veikals\/nektars-romiesu-vinogas-gutta-2l\/"},"modified":"2026-03-26T00:47:33","modified_gmt":"2026-03-25T22:47:33","slug":"nektars-romiesu-vinogas-gutta-2l","status":"publish","type":"product","link":"https:\/\/rezekne.citro.lv\/ru\/product\/nektars-romiesu-vinogas-gutta-2l\/","title":{"rendered":"NEKT\u0100RS ROMIE\u0160U V\u012aNOGAS GUTTA 2L"},"content":{"rendered":"<p>Izcelsmes valsts: Igaunija<\/p>\n","protected":false},"excerpt":{"rendered":"<p>1.90 \u20ac\/L<\/p>\n","protected":false},"featured_media":44350,"template":"","meta":{"_acf_changed":false,"inline_featured_image":false},"product_cat":[106,124],"product_tag":[],"acf":[],"aioseo_notices":[],"_links":{"self":[{"href":"https:\/\/rezekne.citro.lv\/ru\/wp-json\/wp\/v2\/product\/44349"}],"collection":[{"href":"https:\/\/rezekne.citro.lv\/ru\/wp-json\/wp\/v2\/product"}],"about":[{"href":"https:\/\/rezekne.citro.lv\/ru\/wp-json\/wp\/v2\/types\/product"}],"wp:featuredmedia":[{"embeddable":true,"href":"https:\/\/rezekne.citro.lv\/ru\/wp-json\/wp\/v2\/media\/44350"}],"wp:attachment":[{"href":"https:\/\/rezekne.citro.lv\/ru\/wp-json\/wp\/v2\/media?parent=44349"}],"wp:term":[{"taxonomy":"product_cat","embeddable":true,"href":"https:\/\/rezekne.citro.lv\/ru\/wp-json\/wp\/v2\/product_cat?post=44349"},{"taxonomy":"product_tag","embeddable":true,"href":"https:\/\/rezekne.citro.lv\/ru\/wp-json\/wp\/v2\/product_tag?post=44349"}],"curies":[{"name":"wp","href":"https:\/\/api.w.org\/{rel}","templated":true}]}}