{"id":44392,"date":"2025-10-14T00:03:14","date_gmt":"2025-10-13T21:03:14","guid":{"rendered":"https:\/\/rezekne.citro.lv\/veikals\/saldejums-mr-big-van-krej-sok-glazura-uz-koc-150ml-90g\/"},"modified":"2026-05-14T06:26:16","modified_gmt":"2026-05-14T03:26:16","slug":"saldejums-mr-big-vanilas-krejuma-uz-kocina-150ml-90g","status":"publish","type":"product","link":"https:\/\/rezekne.citro.lv\/ru\/product\/saldejums-mr-big-vanilas-krejuma-uz-kocina-150ml-90g\/","title":{"rendered":"SALD\u0112JUMS MR.BIG VANI\u013bAS KR\u0112JUMA UZ KOCI\u0145A 150ML\/90G"},"content":{"rendered":"<p>Izcelsmes valsts: Igaunija<\/p>\n","protected":false},"excerpt":{"rendered":"<p>8.78 \u20ac\/KG<\/p>\n","protected":false},"featured_media":48060,"template":"","meta":{"_acf_changed":false,"inline_featured_image":false},"product_cat":[233,234],"product_tag":[],"acf":[],"aioseo_notices":[],"_links":{"self":[{"href":"https:\/\/rezekne.citro.lv\/ru\/wp-json\/wp\/v2\/product\/44392"}],"collection":[{"href":"https:\/\/rezekne.citro.lv\/ru\/wp-json\/wp\/v2\/product"}],"about":[{"href":"https:\/\/rezekne.citro.lv\/ru\/wp-json\/wp\/v2\/types\/product"}],"wp:featuredmedia":[{"embeddable":true,"href":"https:\/\/rezekne.citro.lv\/ru\/wp-json\/wp\/v2\/media\/48060"}],"wp:attachment":[{"href":"https:\/\/rezekne.citro.lv\/ru\/wp-json\/wp\/v2\/media?parent=44392"}],"wp:term":[{"taxonomy":"product_cat","embeddable":true,"href":"https:\/\/rezekne.citro.lv\/ru\/wp-json\/wp\/v2\/product_cat?post=44392"},{"taxonomy":"product_tag","embeddable":true,"href":"https:\/\/rezekne.citro.lv\/ru\/wp-json\/wp\/v2\/product_tag?post=44392"}],"curies":[{"name":"wp","href":"https:\/\/api.w.org\/{rel}","templated":true}]}}