{"id":44395,"date":"2026-03-26T00:47:01","date_gmt":"2026-03-25T22:47:01","guid":{"rendered":"https:\/\/rezekne.citro.lv\/veikals\/saldejums-mr-big-vanilas-un-upenu-uz-kocina-150ml-90g\/"},"modified":"2026-05-03T06:25:26","modified_gmt":"2026-05-03T03:25:26","slug":"saldejums-mr-big-vanilas-un-upenu-uz-kocina-150ml-90g","status":"publish","type":"product","link":"https:\/\/rezekne.citro.lv\/ru\/product\/saldejums-mr-big-vanilas-un-upenu-uz-kocina-150ml-90g\/","title":{"rendered":"SALD\u0112JUMS MR.BIG VANI\u013bAS UN UPE\u0145U UZ KOCI\u0145A 150ML\/90G"},"content":{"rendered":"<p>Izcelsmes valsts: Igaunija<\/p>\n","protected":false},"excerpt":{"rendered":"<p>12.78 \u20ac\/KG<\/p>\n","protected":false},"featured_media":48057,"template":"","meta":{"_acf_changed":false,"inline_featured_image":false},"product_cat":[233,234],"product_tag":[],"acf":[],"aioseo_notices":[],"_links":{"self":[{"href":"https:\/\/rezekne.citro.lv\/ru\/wp-json\/wp\/v2\/product\/44395"}],"collection":[{"href":"https:\/\/rezekne.citro.lv\/ru\/wp-json\/wp\/v2\/product"}],"about":[{"href":"https:\/\/rezekne.citro.lv\/ru\/wp-json\/wp\/v2\/types\/product"}],"wp:featuredmedia":[{"embeddable":true,"href":"https:\/\/rezekne.citro.lv\/ru\/wp-json\/wp\/v2\/media\/48057"}],"wp:attachment":[{"href":"https:\/\/rezekne.citro.lv\/ru\/wp-json\/wp\/v2\/media?parent=44395"}],"wp:term":[{"taxonomy":"product_cat","embeddable":true,"href":"https:\/\/rezekne.citro.lv\/ru\/wp-json\/wp\/v2\/product_cat?post=44395"},{"taxonomy":"product_tag","embeddable":true,"href":"https:\/\/rezekne.citro.lv\/ru\/wp-json\/wp\/v2\/product_tag?post=44395"}],"curies":[{"name":"wp","href":"https:\/\/api.w.org\/{rel}","templated":true}]}}